{"id":2311,"date":"2025-07-06T12:42:55","date_gmt":"2025-07-06T10:42:55","guid":{"rendered":"https:\/\/schaefers-kg.com\/?page_id=2311"},"modified":"2025-07-06T12:45:29","modified_gmt":"2025-07-06T10:45:29","slug":"musterbau","status":"publish","type":"page","link":"https:\/\/schaefers-kg.com\/fr\/musterbau\/","title":{"rendered":"Construction d'\u00e9chantillons"},"content":{"rendered":"<div data-elementor-type=\"wp-page\" data-elementor-id=\"2311\" class=\"elementor elementor-2311\">\n\t\t\t\t<div class=\"elementor-element elementor-element-09cf89b e-flex e-con-boxed e-con e-parent\" data-id=\"09cf89b\" data-element_type=\"container\" data-e-type=\"container\">\n\t\t\t\t\t<div class=\"e-con-inner\">\n\t\t\t\t<div class=\"elementor-element elementor-element-218e86d elementor-widget elementor-widget-penci-fancy_heading\" data-id=\"218e86d\" data-element_type=\"widget\" data-e-type=\"widget\" data-widget_type=\"penci-fancy_heading.default\">\n\t\t\t\t<div class=\"elementor-widget-container\">\n\t\t\t\t\t\t\t<div class=\"penci-fancy-heading penci-heading-text-left\">\n\t\t\t<div class=\"penci-fancy-heading-inner\">\n\t\t\t\t<h2 class=\"penci-heading-title\"><span class=\"inner-tit\">CONSTRUCTION MODELE<\/span><\/h2><div class=\"penci-heading-content entry-content\"><p>En collaboration avec vous, nous d\u00e9veloppons des concepts d'emballage adapt\u00e9s \u00e0 votre produit. Notre \u00e9quipe de d\u00e9veloppement d'emballages utilise un syst\u00e8me de CAO de derni\u00e8re g\u00e9n\u00e9ration dans notre d\u00e9partement d'\u00e9chantillonnage. Cela nous permet de cr\u00e9er des prototypes en quelques minutes. En tant que client, vous profitez de nos projets d'\u00e9chantillons rapides et innovants. <\/p>\n<\/div>\t\t\t<\/div>\n\t\t<\/div>\n\t\t\t\t\t\t<\/div>\n\t\t\t\t<\/div>\n\t\t\t\t\t<\/div>\n\t\t\t\t<\/div>\n\t\t<div class=\"elementor-element elementor-element-3a8967e e-flex e-con-boxed e-con e-parent\" data-id=\"3a8967e\" data-element_type=\"container\" data-e-type=\"container\">\n\t\t\t\t\t<div class=\"e-con-inner\">\n\t\t\t\t<div class=\"elementor-element elementor-element-05703b6 elementor-widget elementor-widget-penci-fancy_heading\" data-id=\"05703b6\" data-element_type=\"widget\" data-e-type=\"widget\" data-widget_type=\"penci-fancy_heading.default\">\n\t\t\t\t<div class=\"elementor-widget-container\">\n\t\t\t\t\t\t\t<div class=\"penci-fancy-heading penci-heading-text-left\">\n\t\t\t<div class=\"penci-fancy-heading-inner\">\n\t\t\t\t<div class=\"penci-heading-content entry-content\"><p>Cela fait partie de l'offre globale de sch\u00e4fers packaging solutions<\/p>\n<\/div>\t\t\t<\/div>\n\t\t<\/div>\n\t\t\t\t\t\t<\/div>\n\t\t\t\t<\/div>\n\t\t\t\t\t<\/div>\n\t\t\t\t<\/div>\n\t\t\t\t<\/div>","protected":false},"excerpt":{"rendered":"<p>MUSTERBAU Gemeinschaftlich mit Ihnen entwickeln wir auf Ihr Produkt angepasste erpackungskonzepte. Unser engagiertes Team aus der Verpackungsentwicklung setzt in unserer Musterabteilung ein CAD-System der neusten Generation ein. Hierdurch ist eine&hellip;<\/p>","protected":false},"author":1,"featured_media":0,"parent":0,"menu_order":0,"comment_status":"closed","ping_status":"closed","template":"","meta":{"_lmt_disableupdate":"","_lmt_disable":"","footnotes":""},"class_list":["post-2311","page","type-page","status-publish","hentry"],"_links":{"self":[{"href":"https:\/\/schaefers-kg.com\/fr\/wp-json\/wp\/v2\/pages\/2311","targetHints":{"allow":["GET"]}}],"collection":[{"href":"https:\/\/schaefers-kg.com\/fr\/wp-json\/wp\/v2\/pages"}],"about":[{"href":"https:\/\/schaefers-kg.com\/fr\/wp-json\/wp\/v2\/types\/page"}],"author":[{"embeddable":true,"href":"https:\/\/schaefers-kg.com\/fr\/wp-json\/wp\/v2\/users\/1"}],"replies":[{"embeddable":true,"href":"https:\/\/schaefers-kg.com\/fr\/wp-json\/wp\/v2\/comments?post=2311"}],"version-history":[{"count":4,"href":"https:\/\/schaefers-kg.com\/fr\/wp-json\/wp\/v2\/pages\/2311\/revisions"}],"predecessor-version":[{"id":2315,"href":"https:\/\/schaefers-kg.com\/fr\/wp-json\/wp\/v2\/pages\/2311\/revisions\/2315"}],"wp:attachment":[{"href":"https:\/\/schaefers-kg.com\/fr\/wp-json\/wp\/v2\/media?parent=2311"}],"curies":[{"name":"wp","href":"https:\/\/api.w.org\/{rel}","templated":true}]}}