{"id":2306,"date":"2025-07-06T12:38:11","date_gmt":"2025-07-06T10:38:11","guid":{"rendered":"https:\/\/schaefers-kg.com\/?page_id=2306"},"modified":"2025-07-06T12:46:11","modified_gmt":"2025-07-06T10:46:11","slug":"klebenundultraschall-verschweissen","status":"publish","type":"page","link":"https:\/\/schaefers-kg.com\/fr\/klebenundultraschall-verschweissen\/","title":{"rendered":"Collage &amp; soudage par ultrasons"},"content":{"rendered":"<div data-elementor-type=\"wp-page\" data-elementor-id=\"2306\" class=\"elementor elementor-2306\">\n\t\t\t\t<div class=\"elementor-element elementor-element-09cf89b e-flex e-con-boxed e-con e-parent\" data-id=\"09cf89b\" data-element_type=\"container\" data-e-type=\"container\">\n\t\t\t\t\t<div class=\"e-con-inner\">\n\t\t\t\t<div class=\"elementor-element elementor-element-218e86d elementor-widget elementor-widget-penci-fancy_heading\" data-id=\"218e86d\" data-element_type=\"widget\" data-e-type=\"widget\" data-widget_type=\"penci-fancy_heading.default\">\n\t\t\t\t<div class=\"elementor-widget-container\">\n\t\t\t\t\t\t\t<div class=\"penci-fancy-heading penci-heading-text-left\">\n\t\t\t<div class=\"penci-fancy-heading-inner\">\n\t\t\t\t<h2 class=\"penci-heading-title\"><span class=\"inner-tit\">COLLAGE &amp; SOUDURE ULTRASONIQUE<\/span><\/h2><div class=\"penci-heading-content entry-content\"><p>Notre gamme de prestations est compl\u00e9t\u00e9e par la derni\u00e8re \u00e9tape de production. Nous collons nos bo\u00eetes pliantes et nos bo\u00eetes \u00e0 couvercle avec une colle hautement transparente. Pour nos bo\u00eetes \u00e0 couvercle et nos bo\u00eetes rondes, nous pouvons m\u00eame renoncer \u00e0 l'utilisation de colle et les souder par ultrasons \u00e0 la place.\t\t\t\t\t\t\t<\/p>\n<\/div>\t\t\t<\/div>\n\t\t<\/div>\n\t\t\t\t\t\t<\/div>\n\t\t\t\t<\/div>\n\t\t\t\t\t<\/div>\n\t\t\t\t<\/div>\n\t\t\t\t<\/div>","protected":false},"excerpt":{"rendered":"<p>KLEBEN &#038; ULTRASCHALL VERSCHWEI\u00dfEN Abgerundet wird unser Leistungsspektrum mit dem zumeist letzten Produktionsschritt. Unsere Faltschachteln und Deckelschachteln verkleben wir mit einem hochtransparenten Kleber. Bei unseren Deckelschachteln und Runddosen k\u00f6nnen wir&hellip;<\/p>","protected":false},"author":1,"featured_media":0,"parent":0,"menu_order":0,"comment_status":"closed","ping_status":"closed","template":"","meta":{"_lmt_disableupdate":"","_lmt_disable":"","footnotes":""},"class_list":["post-2306","page","type-page","status-publish","hentry"],"_links":{"self":[{"href":"https:\/\/schaefers-kg.com\/fr\/wp-json\/wp\/v2\/pages\/2306","targetHints":{"allow":["GET"]}}],"collection":[{"href":"https:\/\/schaefers-kg.com\/fr\/wp-json\/wp\/v2\/pages"}],"about":[{"href":"https:\/\/schaefers-kg.com\/fr\/wp-json\/wp\/v2\/types\/page"}],"author":[{"embeddable":true,"href":"https:\/\/schaefers-kg.com\/fr\/wp-json\/wp\/v2\/users\/1"}],"replies":[{"embeddable":true,"href":"https:\/\/schaefers-kg.com\/fr\/wp-json\/wp\/v2\/comments?post=2306"}],"version-history":[{"count":7,"href":"https:\/\/schaefers-kg.com\/fr\/wp-json\/wp\/v2\/pages\/2306\/revisions"}],"predecessor-version":[{"id":2318,"href":"https:\/\/schaefers-kg.com\/fr\/wp-json\/wp\/v2\/pages\/2306\/revisions\/2318"}],"wp:attachment":[{"href":"https:\/\/schaefers-kg.com\/fr\/wp-json\/wp\/v2\/media?parent=2306"}],"curies":[{"name":"wp","href":"https:\/\/api.w.org\/{rel}","templated":true}]}}