{"id":2292,"date":"2025-07-06T12:24:19","date_gmt":"2025-07-06T10:24:19","guid":{"rendered":"https:\/\/schaefers-kg.com\/?page_id=2292"},"modified":"2025-07-06T12:46:56","modified_gmt":"2025-07-06T10:46:56","slug":"veredlung","status":"publish","type":"page","link":"https:\/\/schaefers-kg.com\/fr\/veredlung\/","title":{"rendered":"Finition"},"content":{"rendered":"<div data-elementor-type=\"wp-page\" data-elementor-id=\"2292\" class=\"elementor elementor-2292\">\n\t\t\t\t<div class=\"elementor-element elementor-element-09cf89b e-flex e-con-boxed e-con e-parent\" data-id=\"09cf89b\" data-element_type=\"container\" data-e-type=\"container\">\n\t\t\t\t\t<div class=\"e-con-inner\">\n\t\t\t\t<div class=\"elementor-element elementor-element-218e86d elementor-widget elementor-widget-penci-fancy_heading\" data-id=\"218e86d\" data-element_type=\"widget\" data-e-type=\"widget\" data-widget_type=\"penci-fancy_heading.default\">\n\t\t\t\t<div class=\"elementor-widget-container\">\n\t\t\t\t\t\t\t<div class=\"penci-fancy-heading penci-heading-text-left\">\n\t\t\t<div class=\"penci-fancy-heading-inner\">\n\t\t\t\t<h2 class=\"penci-heading-title\"><span class=\"inner-tit\">G\u00c9N\u00c9RATION<\/span><\/h2><div class=\"penci-heading-content entry-content\"><p class=\"translation-block\">Les diverses techniques d'ennoblissement des emballages, telles que l'impression offset UV, l'impression num\u00e9rique ainsi que l'impression par dorure \u00e0 chaud, donnent \u00e0 votre emballage individuel son visage unique.<br>\r\nCes finitions d'impression, combin\u00e9es \u00e0 un gaufrage en relief lors du processus de d\u00e9coupe, donnent \u00e0 votre emballage le \u201ecoup de pouce\u201c correspondant et le rendent unique.<\/p>\n<\/div>\t\t\t<\/div>\n\t\t<\/div>\n\t\t\t\t\t\t<\/div>\n\t\t\t\t<\/div>\n\t\t\t\t\t<\/div>\n\t\t\t\t<\/div>\n\t\t<div class=\"elementor-element elementor-element-bb51bab e-flex e-con-boxed e-con e-parent\" data-id=\"bb51bab\" data-element_type=\"container\" data-e-type=\"container\">\n\t\t\t\t\t<div class=\"e-con-inner\">\n\t\t<div class=\"elementor-element elementor-element-7d9c98b e-con-full e-flex e-con e-child\" data-id=\"7d9c98b\" data-element_type=\"container\" data-e-type=\"container\">\n\t\t\t\t<div class=\"elementor-element elementor-element-a2b622a elementor-arrows-position-inside elementor-pagination-position-outside elementor-widget elementor-widget-image-carousel\" data-id=\"a2b622a\" data-element_type=\"widget\" data-e-type=\"widget\" data-settings=\"{&quot;slides_to_show&quot;:&quot;1&quot;,&quot;navigation&quot;:&quot;both&quot;,&quot;autoplay&quot;:&quot;yes&quot;,&quot;pause_on_hover&quot;:&quot;yes&quot;,&quot;pause_on_interaction&quot;:&quot;yes&quot;,&quot;autoplay_speed&quot;:5000,&quot;infinite&quot;:&quot;yes&quot;,&quot;effect&quot;:&quot;slide&quot;,&quot;speed&quot;:500}\" data-widget_type=\"image-carousel.default\">\n\t\t\t\t<div class=\"elementor-widget-container\">\n\t\t\t\t\t\t\t<div class=\"elementor-image-carousel-wrapper swiper\" role=\"region\" aria-roledescription=\"carousel\" aria-label=\"Image Carrousel\" dir=\"ltr\">\n\t\t\t<div class=\"elementor-image-carousel swiper-wrapper\" aria-live=\"off\">\n\t\t\t\t\t\t\t\t<div class=\"swiper-slide\" role=\"group\" aria-roledescription=\"slide\" aria-label=\"1 of 3\" data-no-translation-aria-label=\"\"><figure class=\"swiper-slide-inner\"><img decoding=\"async\" class=\"swiper-slide-image\" src=\"https:\/\/schaefers-kg.com\/wp-content\/uploads\/2025\/04\/LoD_0220.jpg\" alt=\"LoD_0220\" \/><\/figure><\/div><div class=\"swiper-slide\" role=\"group\" aria-roledescription=\"slide\" aria-label=\"2 of 3\" data-no-translation-aria-label=\"\"><figure class=\"swiper-slide-inner\"><img decoding=\"async\" class=\"swiper-slide-image\" src=\"https:\/\/schaefers-kg.com\/wp-content\/uploads\/2025\/04\/LoD_0221.jpg\" alt=\"LoD_0221\" \/><\/figure><\/div><div class=\"swiper-slide\" role=\"group\" aria-roledescription=\"slide\" aria-label=\"3 of 3\" data-no-translation-aria-label=\"\"><figure class=\"swiper-slide-inner\"><img decoding=\"async\" class=\"swiper-slide-image\" src=\"https:\/\/schaefers-kg.com\/wp-content\/uploads\/2025\/04\/LoD_0425.jpg\" alt=\"LoD_0425\" \/><\/figure><\/div>\t\t\t<\/div>\n\t\t\t\t\t\t\t\t\t\t\t\t<div class=\"elementor-swiper-button elementor-swiper-button-prev\" role=\"button\" tabindex=\"0\">\n\t\t\t\t\t\t<i aria-hidden=\"true\" class=\"eicon-chevron-left\"><\/i>\t\t\t\t\t<\/div>\n\t\t\t\t\t<div class=\"elementor-swiper-button elementor-swiper-button-next\" role=\"button\" tabindex=\"0\">\n\t\t\t\t\t\t<i aria-hidden=\"true\" class=\"eicon-chevron-right\"><\/i>\t\t\t\t\t<\/div>\n\t\t\t\t\n\t\t\t\t\t\t\t\t\t<div class=\"swiper-pagination\"><\/div>\n\t\t\t\t\t\t\t\t\t<\/div>\n\t\t\t\t\t\t<\/div>\n\t\t\t\t<\/div>\n\t\t\t\t<\/div>\n\t\t<div class=\"elementor-element elementor-element-c81f8a8 e-con-full e-flex e-con e-child\" data-id=\"c81f8a8\" data-element_type=\"container\" data-e-type=\"container\">\n\t\t\t\t<div class=\"elementor-element elementor-element-ad09baa elementor-widget elementor-widget-penci-fancy_heading\" data-id=\"ad09baa\" data-element_type=\"widget\" data-e-type=\"widget\" data-widget_type=\"penci-fancy_heading.default\">\n\t\t\t\t<div class=\"elementor-widget-container\">\n\t\t\t\t\t\t\t<div class=\"penci-fancy-heading penci-heading-text-left\">\n\t\t\t<div class=\"penci-fancy-heading-inner\">\n\t\t\t\t<h2 class=\"penci-heading-title\"><span class=\"inner-tit\">Impression offset UV<\/span><\/h2><div class=\"penci-separator penci-separator-dotted penci-separator-left\"><span class=\"penci-sep_holder penci-sep_holder_l\"><span class=\"penci-sep_line\"><\/span><\/span><span class=\"penci-sep_holder penci-sep_holder_r\"><span class=\"penci-sep_line\"><\/span><\/span><\/div>\t\t\t<\/div>\n\t\t<\/div>\n\t\t\t\t\t\t<\/div>\n\t\t\t\t<\/div>\n\t\t\t\t<div class=\"elementor-element elementor-element-b62d1cf elementor-widget elementor-widget-text-editor\" data-id=\"b62d1cf\" data-element_type=\"widget\" data-e-type=\"widget\" data-widget_type=\"text-editor.default\">\n\t\t\t\t<div class=\"elementor-widget-container\">\n\t\t\t\t\t\t\t\t\t<p>Avec l'impression offset UV, nous r\u00e9pondons \u00e0 tous les souhaits de conception ! Des d\u00e9grad\u00e9s de couleurs et des images imprim\u00e9es de la plus haute qualit\u00e9 d'impression pr\u00e9sentent votre produit de mani\u00e8re optimale. Un choix vari\u00e9 de couleurs standard et sp\u00e9ciales selon Pantone est disponible. L'utilisation suppl\u00e9mentaire de vernis UV permet d'obtenir des effets sp\u00e9ciaux.<br \/>L'utilisation d'encres \u00e0 faible migration offre un maximum de responsabilit\u00e9 \u00e9cologique dans le domaine de la consommation<\/p>\t\t\t\t\t\t\t\t<\/div>\n\t\t\t\t<\/div>\n\t\t\t\t<\/div>\n\t\t\t\t\t<\/div>\n\t\t\t\t<\/div>\n\t\t<div class=\"elementor-element elementor-element-b4c145b e-flex e-con-boxed e-con e-parent\" data-id=\"b4c145b\" data-element_type=\"container\" data-e-type=\"container\">\n\t\t\t\t\t<div class=\"e-con-inner\">\n\t\t<div class=\"elementor-element elementor-element-1e68247 e-con-full e-flex e-con e-child\" data-id=\"1e68247\" data-element_type=\"container\" data-e-type=\"container\">\n\t\t\t\t<div class=\"elementor-element elementor-element-5038bb3 elementor-widget elementor-widget-penci-fancy_heading\" data-id=\"5038bb3\" data-element_type=\"widget\" data-e-type=\"widget\" data-widget_type=\"penci-fancy_heading.default\">\n\t\t\t\t<div class=\"elementor-widget-container\">\n\t\t\t\t\t\t\t<div class=\"penci-fancy-heading penci-heading-text-left\">\n\t\t\t<div class=\"penci-fancy-heading-inner\">\n\t\t\t\t<h2 class=\"penci-heading-title\"><span class=\"inner-tit\">Marquage \u00e0 chaud<\/span><\/h2><div class=\"penci-separator penci-separator-dotted penci-separator-left\"><span class=\"penci-sep_holder penci-sep_holder_l\"><span class=\"penci-sep_line\"><\/span><\/span><span class=\"penci-sep_holder penci-sep_holder_r\"><span class=\"penci-sep_line\"><\/span><\/span><\/div>\t\t\t<\/div>\n\t\t<\/div>\n\t\t\t\t\t\t<\/div>\n\t\t\t\t<\/div>\n\t\t\t\t<div class=\"elementor-element elementor-element-73ebfe4 elementor-widget elementor-widget-text-editor\" data-id=\"73ebfe4\" data-element_type=\"widget\" data-e-type=\"widget\" data-widget_type=\"text-editor.default\">\n\t\t\t\t<div class=\"elementor-widget-container\">\n\t\t\t\t\t\t\t\t\t<p>La dorure \u00e0 chaud permet de mettre en sc\u00e8ne des effets m\u00e9talliques ou m\u00eame holographiques. En combinaison avec une impression offset UV, il est possible de r\u00e9aliser des possibilit\u00e9s presque illimit\u00e9es.<\/p>\t\t\t\t\t\t\t\t<\/div>\n\t\t\t\t<\/div>\n\t\t\t\t<\/div>\n\t\t<div class=\"elementor-element elementor-element-2c6a14a e-con-full e-flex e-con e-child\" data-id=\"2c6a14a\" data-element_type=\"container\" data-e-type=\"container\">\n\t\t\t\t<div class=\"elementor-element elementor-element-b425d86 elementor-arrows-position-inside elementor-pagination-position-outside elementor-widget elementor-widget-image-carousel\" data-id=\"b425d86\" data-element_type=\"widget\" data-e-type=\"widget\" data-settings=\"{&quot;slides_to_show&quot;:&quot;1&quot;,&quot;navigation&quot;:&quot;both&quot;,&quot;autoplay&quot;:&quot;yes&quot;,&quot;pause_on_hover&quot;:&quot;yes&quot;,&quot;pause_on_interaction&quot;:&quot;yes&quot;,&quot;autoplay_speed&quot;:5000,&quot;infinite&quot;:&quot;yes&quot;,&quot;effect&quot;:&quot;slide&quot;,&quot;speed&quot;:500}\" data-widget_type=\"image-carousel.default\">\n\t\t\t\t<div class=\"elementor-widget-container\">\n\t\t\t\t\t\t\t<div class=\"elementor-image-carousel-wrapper swiper\" role=\"region\" aria-roledescription=\"carousel\" aria-label=\"Image Carrousel\" dir=\"ltr\">\n\t\t\t<div class=\"elementor-image-carousel swiper-wrapper\" aria-live=\"off\">\n\t\t\t\t\t\t\t\t<div class=\"swiper-slide\" role=\"group\" aria-roledescription=\"slide\" aria-label=\"1 of 2\" data-no-translation-aria-label=\"\"><figure class=\"swiper-slide-inner\"><img decoding=\"async\" class=\"swiper-slide-image\" src=\"https:\/\/schaefers-kg.com\/wp-content\/uploads\/2025\/04\/LoD_0338_b.jpg\" alt=\"LoD_0338_b\" \/><\/figure><\/div><div class=\"swiper-slide\" role=\"group\" aria-roledescription=\"slide\" aria-label=\"2 of 2\" data-no-translation-aria-label=\"\"><figure class=\"swiper-slide-inner\"><img decoding=\"async\" class=\"swiper-slide-image\" src=\"https:\/\/schaefers-kg.com\/wp-content\/uploads\/2025\/04\/LOD_0218.jpg\" alt=\"LOD_0218\" \/><\/figure><\/div>\t\t\t<\/div>\n\t\t\t\t\t\t\t\t\t\t\t\t<div class=\"elementor-swiper-button elementor-swiper-button-prev\" role=\"button\" tabindex=\"0\">\n\t\t\t\t\t\t<i aria-hidden=\"true\" class=\"eicon-chevron-left\"><\/i>\t\t\t\t\t<\/div>\n\t\t\t\t\t<div class=\"elementor-swiper-button elementor-swiper-button-next\" role=\"button\" tabindex=\"0\">\n\t\t\t\t\t\t<i aria-hidden=\"true\" class=\"eicon-chevron-right\"><\/i>\t\t\t\t\t<\/div>\n\t\t\t\t\n\t\t\t\t\t\t\t\t\t<div class=\"swiper-pagination\"><\/div>\n\t\t\t\t\t\t\t\t\t<\/div>\n\t\t\t\t\t\t<\/div>\n\t\t\t\t<\/div>\n\t\t\t\t<\/div>\n\t\t\t\t\t<\/div>\n\t\t\t\t<\/div>\n\t\t<div class=\"elementor-element elementor-element-e1e35e5 e-flex e-con-boxed e-con e-parent\" data-id=\"e1e35e5\" data-element_type=\"container\" data-e-type=\"container\">\n\t\t\t\t\t<div class=\"e-con-inner\">\n\t\t<div class=\"elementor-element elementor-element-f4af1e4 e-con-full e-flex e-con e-child\" data-id=\"f4af1e4\" data-element_type=\"container\" data-e-type=\"container\">\n\t\t\t\t<\/div>\n\t\t<div class=\"elementor-element elementor-element-b18edcb e-con-full e-flex e-con e-child\" data-id=\"b18edcb\" data-element_type=\"container\" data-e-type=\"container\">\n\t\t\t\t<div class=\"elementor-element elementor-element-65598e0 elementor-widget elementor-widget-penci-fancy_heading\" data-id=\"65598e0\" data-element_type=\"widget\" data-e-type=\"widget\" data-widget_type=\"penci-fancy_heading.default\">\n\t\t\t\t<div class=\"elementor-widget-container\">\n\t\t\t\t\t\t\t<div class=\"penci-fancy-heading penci-heading-text-left\">\n\t\t\t<div class=\"penci-fancy-heading-inner\">\n\t\t\t\t<h2 class=\"penci-heading-title\"><span class=\"inner-tit\">Impression num\u00e9rique<\/span><\/h2><div class=\"penci-separator penci-separator-dotted penci-separator-left\"><span class=\"penci-sep_holder penci-sep_holder_l\"><span class=\"penci-sep_line\"><\/span><\/span><span class=\"penci-sep_holder penci-sep_holder_r\"><span class=\"penci-sep_line\"><\/span><\/span><\/div>\t\t\t<\/div>\n\t\t<\/div>\n\t\t\t\t\t\t<\/div>\n\t\t\t\t<\/div>\n\t\t\t\t<div class=\"elementor-element elementor-element-a68da37 elementor-widget elementor-widget-text-editor\" data-id=\"a68da37\" data-element_type=\"widget\" data-e-type=\"widget\" data-widget_type=\"text-editor.default\">\n\t\t\t\t<div class=\"elementor-widget-container\">\n\t\t\t\t\t\t\t\t\t<p>L'impression num\u00e9rique en quadrichromie est une alternative \u00e9conomique \u00e0 l'impression machine, plus co\u00fbteuse. La technique d'impression num\u00e9rique permet de pr\u00e9senter des photos et des motifs dans une qualit\u00e9 d'impression maximale. Ce proc\u00e9d\u00e9 d'impression est utilis\u00e9 entre autres pour les \u00e9chantillons, mais aussi pour la production de petites s\u00e9ries d'emballages transparents imprim\u00e9s. L'impression num\u00e9rique est une solution tr\u00e8s avantageuse pour pr\u00e9senter en interne au marketing et \u00e0 la vente, et en externe au client, des prototypes pr\u00eats \u00e0 la production.<\/p>\t\t\t\t\t\t\t\t<\/div>\n\t\t\t\t<\/div>\n\t\t\t\t<\/div>\n\t\t\t\t\t<\/div>\n\t\t\t\t<\/div>\n\t\t\t\t<\/div>","protected":false},"excerpt":{"rendered":"<p>VEREDLUNG Die vielf\u00e4ltigen Techniken der Verpackungsveredelung wie der UV-Offsetdruck, Digitaldruck sowie die Hei\u00dffolienpr\u00e4gedruck geben Ihrer individuellen Verpackung das unverwechselbare Gesicht. Diese Druckveredelungen in Kombination mit einer Hochpr\u00e4gung im Stanzprozess, geben&hellip;<\/p>","protected":false},"author":1,"featured_media":0,"parent":0,"menu_order":0,"comment_status":"closed","ping_status":"closed","template":"","meta":{"_lmt_disableupdate":"","_lmt_disable":"","footnotes":""},"class_list":["post-2292","page","type-page","status-publish","hentry"],"_links":{"self":[{"href":"https:\/\/schaefers-kg.com\/fr\/wp-json\/wp\/v2\/pages\/2292","targetHints":{"allow":["GET"]}}],"collection":[{"href":"https:\/\/schaefers-kg.com\/fr\/wp-json\/wp\/v2\/pages"}],"about":[{"href":"https:\/\/schaefers-kg.com\/fr\/wp-json\/wp\/v2\/types\/page"}],"author":[{"embeddable":true,"href":"https:\/\/schaefers-kg.com\/fr\/wp-json\/wp\/v2\/users\/1"}],"replies":[{"embeddable":true,"href":"https:\/\/schaefers-kg.com\/fr\/wp-json\/wp\/v2\/comments?post=2292"}],"version-history":[{"count":7,"href":"https:\/\/schaefers-kg.com\/fr\/wp-json\/wp\/v2\/pages\/2292\/revisions"}],"predecessor-version":[{"id":2321,"href":"https:\/\/schaefers-kg.com\/fr\/wp-json\/wp\/v2\/pages\/2292\/revisions\/2321"}],"wp:attachment":[{"href":"https:\/\/schaefers-kg.com\/fr\/wp-json\/wp\/v2\/media?parent=2292"}],"curies":[{"name":"wp","href":"https:\/\/api.w.org\/{rel}","templated":true}]}}