{"id":1886,"date":"2025-04-03T14:23:01","date_gmt":"2025-04-03T12:23:01","guid":{"rendered":"http:\/\/beta.schaefers-kg.com\/?page_id=1886"},"modified":"2025-05-15T13:44:25","modified_gmt":"2025-05-15T11:44:25","slug":"download-medien","status":"publish","type":"page","link":"https:\/\/schaefers-kg.com\/fr\/download-medien\/","title":{"rendered":"T\u00e9l\u00e9chargement et M\u00e9dias"},"content":{"rendered":"<div data-elementor-type=\"wp-page\" data-elementor-id=\"1886\" class=\"elementor elementor-1886\">\n\t\t\t\t<div class=\"elementor-element elementor-element-09cf89b e-flex e-con-boxed e-con e-parent\" data-id=\"09cf89b\" data-element_type=\"container\" data-e-type=\"container\">\n\t\t\t\t\t<div class=\"e-con-inner\">\n\t\t\t\t<div class=\"elementor-element elementor-element-218e86d elementor-widget elementor-widget-penci-fancy_heading\" data-id=\"218e86d\" data-element_type=\"widget\" data-e-type=\"widget\" data-widget_type=\"penci-fancy_heading.default\">\n\t\t\t\t<div class=\"elementor-widget-container\">\n\t\t\t\t\t\t\t<div class=\"penci-fancy-heading penci-heading-text-left\">\n\t\t\t<div class=\"penci-fancy-heading-inner\">\n\t\t\t\t<h2 class=\"penci-heading-title\"><span class=\"inner-tit\">Download & Medien<\/span><\/h2>\t\t\t<\/div>\n\t\t<\/div>\n\t\t\t\t\t\t<\/div>\n\t\t\t\t<\/div>\n\t\t\t\t\t<\/div>\n\t\t\t\t<\/div>\n\t\t<div class=\"elementor-element elementor-element-b660f8f e-flex e-con-boxed e-con e-parent\" data-id=\"b660f8f\" data-element_type=\"container\" data-e-type=\"container\">\n\t\t\t\t\t<div class=\"e-con-inner\">\n\t\t\t\t<div class=\"elementor-element elementor-element-ec08127 elementor-widget elementor-widget-penci-fancy_heading\" data-id=\"ec08127\" data-element_type=\"widget\" data-e-type=\"widget\" data-widget_type=\"penci-fancy_heading.default\">\n\t\t\t\t<div class=\"elementor-widget-container\">\n\t\t\t\t\t\t\t<div class=\"penci-fancy-heading penci-heading-text-left\">\n\t\t\t<div class=\"penci-fancy-heading-inner\">\n\t\t\t\t<h2 class=\"penci-heading-title\"><span class=\"inner-tit\">Zertifikate<\/span><\/h2><div class=\"penci-separator penci-separator-dashed penci-separator-left\"><span class=\"penci-sep_holder penci-sep_holder_l\"><span class=\"penci-sep_line\"><\/span><\/span><span class=\"penci-sep_holder penci-sep_holder_r\"><span class=\"penci-sep_line\"><\/span><\/span><\/div>\t\t\t<\/div>\n\t\t<\/div>\n\t\t\t\t\t\t<\/div>\n\t\t\t\t<\/div>\n\t\t\t\t\t<\/div>\n\t\t\t\t<\/div>\n\t\t<div class=\"elementor-element elementor-element-ad7ad9c e-flex e-con-boxed e-con e-parent\" data-id=\"ad7ad9c\" data-element_type=\"container\" data-e-type=\"container\">\n\t\t\t\t\t<div class=\"e-con-inner\">\n\t\t<div class=\"elementor-element elementor-element-26cf8fa e-grid e-con-full e-con e-child\" data-id=\"26cf8fa\" data-element_type=\"container\" data-e-type=\"container\">\n\t\t\t\t<div class=\"elementor-element elementor-element-8457e4b elementor-position-top elementor-widget elementor-widget-image-box\" data-id=\"8457e4b\" data-element_type=\"widget\" data-e-type=\"widget\" data-widget_type=\"image-box.default\">\n\t\t\t\t<div class=\"elementor-widget-container\">\n\t\t\t\t\t<div class=\"elementor-image-box-wrapper\"><figure class=\"elementor-image-box-img\"><a href=\"https:\/\/schaefers-kg.com\/wp-content\/uploads\/2025\/05\/Schaeferts-Sicht-Blisterpack-QM-IMC-Zert-deutsch-.pdf\" tabindex=\"-1\"><img fetchpriority=\"high\" decoding=\"async\" width=\"1418\" height=\"2048\" src=\"https:\/\/schaefers-kg.com\/wp-content\/uploads\/2025\/05\/QM-IMC-Zert-deutsch--1418x2048.jpg\" class=\"attachment-2048x2048 size-2048x2048 wp-image-2052\" alt=\"\" srcset=\"https:\/\/schaefers-kg.com\/wp-content\/uploads\/2025\/05\/QM-IMC-Zert-deutsch--1418x2048.jpg 1418w, https:\/\/schaefers-kg.com\/wp-content\/uploads\/2025\/05\/QM-IMC-Zert-deutsch--208x300.jpg 208w, https:\/\/schaefers-kg.com\/wp-content\/uploads\/2025\/05\/QM-IMC-Zert-deutsch--709x1024.jpg 709w, https:\/\/schaefers-kg.com\/wp-content\/uploads\/2025\/05\/QM-IMC-Zert-deutsch--768x1109.jpg 768w, https:\/\/schaefers-kg.com\/wp-content\/uploads\/2025\/05\/QM-IMC-Zert-deutsch--1063x1536.jpg 1063w, https:\/\/schaefers-kg.com\/wp-content\/uploads\/2025\/05\/QM-IMC-Zert-deutsch--1920x2773.jpg 1920w, https:\/\/schaefers-kg.com\/wp-content\/uploads\/2025\/05\/QM-IMC-Zert-deutsch--1170x1690.jpg 1170w, https:\/\/schaefers-kg.com\/wp-content\/uploads\/2025\/05\/QM-IMC-Zert-deutsch--585x845.jpg 585w, https:\/\/schaefers-kg.com\/wp-content\/uploads\/2025\/05\/QM-IMC-Zert-deutsch--scaled.jpg 1772w\" sizes=\"(max-width: 1418px) 100vw, 1418px\" \/><\/a><\/figure><div class=\"elementor-image-box-content\"><h3 class=\"elementor-image-box-title\"><a href=\"https:\/\/schaefers-kg.com\/wp-content\/uploads\/2025\/05\/Schaeferts-Sicht-Blisterpack-QM-IMC-Zert-deutsch-.pdf\">Download<\/a><\/h3><p class=\"elementor-image-box-description\">Certificat DIN EN ISO 9001:2015.<\/p><\/div><\/div>\t\t\t\t<\/div>\n\t\t\t\t<\/div>\n\t\t\t\t<div class=\"elementor-element elementor-element-4ea5087 elementor-position-top elementor-widget elementor-widget-image-box\" data-id=\"4ea5087\" data-element_type=\"widget\" data-e-type=\"widget\" data-widget_type=\"image-box.default\">\n\t\t\t\t<div class=\"elementor-widget-container\">\n\t\t\t\t\t<div class=\"elementor-image-box-wrapper\"><figure class=\"elementor-image-box-img\"><a href=\"https:\/\/schaefers-kg.com\/wp-content\/uploads\/2025\/05\/Schaefers-Sicht-Blisterpack-QM-IMC-Zert-englisch-.pdf\" tabindex=\"-1\"><img decoding=\"async\" width=\"1418\" height=\"2048\" src=\"https:\/\/schaefers-kg.com\/wp-content\/uploads\/2025\/05\/QM-IMC-Zert-englisch--1418x2048.jpg\" class=\"attachment-2048x2048 size-2048x2048 wp-image-2053\" alt=\"\" srcset=\"https:\/\/schaefers-kg.com\/wp-content\/uploads\/2025\/05\/QM-IMC-Zert-englisch--1418x2048.jpg 1418w, https:\/\/schaefers-kg.com\/wp-content\/uploads\/2025\/05\/QM-IMC-Zert-englisch--208x300.jpg 208w, https:\/\/schaefers-kg.com\/wp-content\/uploads\/2025\/05\/QM-IMC-Zert-englisch--709x1024.jpg 709w, https:\/\/schaefers-kg.com\/wp-content\/uploads\/2025\/05\/QM-IMC-Zert-englisch--768x1109.jpg 768w, https:\/\/schaefers-kg.com\/wp-content\/uploads\/2025\/05\/QM-IMC-Zert-englisch--1063x1536.jpg 1063w, https:\/\/schaefers-kg.com\/wp-content\/uploads\/2025\/05\/QM-IMC-Zert-englisch--1920x2773.jpg 1920w, https:\/\/schaefers-kg.com\/wp-content\/uploads\/2025\/05\/QM-IMC-Zert-englisch--1170x1690.jpg 1170w, https:\/\/schaefers-kg.com\/wp-content\/uploads\/2025\/05\/QM-IMC-Zert-englisch--585x845.jpg 585w, https:\/\/schaefers-kg.com\/wp-content\/uploads\/2025\/05\/QM-IMC-Zert-englisch--scaled.jpg 1772w\" sizes=\"(max-width: 1418px) 100vw, 1418px\" \/><\/a><\/figure><div class=\"elementor-image-box-content\"><h3 class=\"elementor-image-box-title\"><a href=\"https:\/\/schaefers-kg.com\/wp-content\/uploads\/2025\/05\/Schaefers-Sicht-Blisterpack-QM-IMC-Zert-englisch-.pdf\">Download<\/a><\/h3><p class=\"elementor-image-box-description\">Certificat DIN EN ISO 9001:2015<\/p><\/div><\/div>\t\t\t\t<\/div>\n\t\t\t\t<\/div>\n\t\t\t\t<\/div>\n\t\t\t\t\t<\/div>\n\t\t\t\t<\/div>\n\t\t\t\t<\/div>","protected":false},"excerpt":{"rendered":"<p>Download &#038; Medien Zertifikate Download Zertifikat DIN EN ISO 9001:2015. Download Certificate DIN EN ISO 9001:2015<\/p>","protected":false},"author":1,"featured_media":0,"parent":0,"menu_order":0,"comment_status":"closed","ping_status":"closed","template":"","meta":{"_lmt_disableupdate":"","_lmt_disable":"","footnotes":""},"class_list":["post-1886","page","type-page","status-publish","hentry"],"_links":{"self":[{"href":"https:\/\/schaefers-kg.com\/fr\/wp-json\/wp\/v2\/pages\/1886","targetHints":{"allow":["GET"]}}],"collection":[{"href":"https:\/\/schaefers-kg.com\/fr\/wp-json\/wp\/v2\/pages"}],"about":[{"href":"https:\/\/schaefers-kg.com\/fr\/wp-json\/wp\/v2\/types\/page"}],"author":[{"embeddable":true,"href":"https:\/\/schaefers-kg.com\/fr\/wp-json\/wp\/v2\/users\/1"}],"replies":[{"embeddable":true,"href":"https:\/\/schaefers-kg.com\/fr\/wp-json\/wp\/v2\/comments?post=1886"}],"version-history":[{"count":16,"href":"https:\/\/schaefers-kg.com\/fr\/wp-json\/wp\/v2\/pages\/1886\/revisions"}],"predecessor-version":[{"id":2153,"href":"https:\/\/schaefers-kg.com\/fr\/wp-json\/wp\/v2\/pages\/1886\/revisions\/2153"}],"wp:attachment":[{"href":"https:\/\/schaefers-kg.com\/fr\/wp-json\/wp\/v2\/media?parent=1886"}],"curies":[{"name":"wp","href":"https:\/\/api.w.org\/{rel}","templated":true}]}}