{"id":1832,"date":"2025-04-03T12:34:33","date_gmt":"2025-04-03T10:34:33","guid":{"rendered":"http:\/\/beta.schaefers-kg.com\/?page_id=1832"},"modified":"2026-02-21T20:38:47","modified_gmt":"2026-02-21T19:38:47","slug":"zertifizierung","status":"publish","type":"page","link":"https:\/\/schaefers-kg.com\/fr\/zertifizierung\/","title":{"rendered":"Certification"},"content":{"rendered":"<div data-elementor-type=\"wp-page\" data-elementor-id=\"1832\" class=\"elementor elementor-1832\">\n\t\t\t\t<div class=\"elementor-element elementor-element-09cf89b e-flex e-con-boxed e-con e-parent\" data-id=\"09cf89b\" data-element_type=\"container\" data-e-type=\"container\">\n\t\t\t\t\t<div class=\"e-con-inner\">\n\t\t\t\t<div class=\"elementor-element elementor-element-218e86d elementor-widget elementor-widget-penci-fancy_heading\" data-id=\"218e86d\" data-element_type=\"widget\" data-e-type=\"widget\" data-widget_type=\"penci-fancy_heading.default\">\n\t\t\t\t<div class=\"elementor-widget-container\">\n\t\t\t\t\t\t\t<div class=\"penci-fancy-heading penci-heading-text-left\">\n\t\t\t<div class=\"penci-fancy-heading-inner\">\n\t\t\t\t<h2 class=\"penci-heading-title\"><span class=\"inner-tit\">CERTIFICATION<\/span><\/h2>\t\t\t<\/div>\n\t\t<\/div>\n\t\t\t\t\t\t<\/div>\n\t\t\t\t<\/div>\n\t\t\t\t\t<\/div>\n\t\t\t\t<\/div>\n\t\t<div class=\"elementor-element elementor-element-954f2c0 e-flex e-con-boxed e-con e-parent\" data-id=\"954f2c0\" data-element_type=\"container\" data-e-type=\"container\">\n\t\t\t\t\t<div class=\"e-con-inner\">\n\t\t\t\t<div class=\"elementor-element elementor-element-07e8465 elementor-widget elementor-widget-penci-text-block\" data-id=\"07e8465\" data-element_type=\"widget\" data-e-type=\"widget\" data-widget_type=\"penci-text-block.default\">\n\t\t\t\t<div class=\"elementor-widget-container\">\n\t\t\t\t\t\t\t<div class=\"penci-block-vc penci-text-editor\">\n\t\t\t\t\t\t<div class=\"penci-block_content\">\n\t\t\t\t<div class=\"elementor-text-editor elementor-clearfix\"><p>Une documentation compl\u00e8te des \u00e9tapes de travail est \u00e9tablie, \u00e0 laquelle il est possible de se r\u00e9f\u00e9rer \u00e0 tout moment. Cette documentation est \u00e9galement utilis\u00e9e pour les commandes suivantes. Nos collaborateurs suivent r\u00e9guli\u00e8rement des formations sur la qualit\u00e9 afin d'am\u00e9liorer constamment nos emballages. Les r\u00e9sultats des audits r\u00e9alis\u00e9s par nos clients de renom confirment sans cesse notre niveau de qualit\u00e9 \u00e9lev\u00e9. Des qualit\u00e9s de film haut de gamme, produites par des fabricants leaders en Europe, garantissent \u00e0 nos clients l'utilisation de mat\u00e9riaux nouveaux et personnalis\u00e9s.<\/p><p>Pour r\u00e9pondre \u00e0 l'exigence <strong>\u201esch\u00e4fers - the next level\u201c<\/strong> nous fabriquons nos produits dans des conditions de\u00a0<strong>Certification<\/strong> <strong>9001:2015.<\/strong><\/p><\/div>\n\t\t\t<\/div>\n\t\t<\/div>\n\t\t\t\t\t\t<\/div>\n\t\t\t\t<\/div>\n\t\t\t\t\t<\/div>\n\t\t\t\t<\/div>\n\t\t<div class=\"elementor-element elementor-element-bf0d0cb e-flex e-con-boxed e-con e-parent\" data-id=\"bf0d0cb\" data-element_type=\"container\" data-e-type=\"container\">\n\t\t\t\t\t<div class=\"e-con-inner\">\n\t\t\t\t<div class=\"elementor-element elementor-element-61257f0 elementor-widget elementor-widget-penci-text-block\" data-id=\"61257f0\" data-element_type=\"widget\" data-e-type=\"widget\" data-widget_type=\"penci-text-block.default\">\n\t\t\t\t<div class=\"elementor-widget-container\">\n\t\t\t\t\t\t\t<div class=\"penci-block-vc penci-text-editor\">\n\t\t\t\t\t\t<div class=\"penci-block_content\">\n\t\t\t\t<div class=\"elementor-text-editor elementor-clearfix\"><p><span style=\"color: #53969c;\">En tant que fabricant haut de gamme, un <\/span><br \/><span style=\"color: #53969c;\">La gestion de la qualit\u00e9 est pour nous une obligation.<\/span><\/p><\/div>\n\t\t\t<\/div>\n\t\t<\/div>\n\t\t\t\t\t\t<\/div>\n\t\t\t\t<\/div>\n\t\t\t\t\t<\/div>\n\t\t\t\t<\/div>\n\t\t<div class=\"elementor-element elementor-element-df78b81 e-flex e-con-boxed e-con e-parent\" data-id=\"df78b81\" data-element_type=\"container\" data-e-type=\"container\">\n\t\t\t\t\t<div class=\"e-con-inner\">\n\t\t\t\t<div class=\"elementor-element elementor-element-538f5cb elementor-widget elementor-widget-penci-text-block\" data-id=\"538f5cb\" data-element_type=\"widget\" data-e-type=\"widget\" data-widget_type=\"penci-text-block.default\">\n\t\t\t\t<div class=\"elementor-widget-container\">\n\t\t\t\t\t\t\t<div class=\"penci-block-vc penci-text-editor\">\n\t\t\t\t\t\t<div class=\"penci-block_content\">\n\t\t\t\t<div class=\"elementor-text-editor elementor-clearfix\"><p>Pour r\u00e9pondre \u00e0 l'exigence <strong>\u201esch\u00e4fers - the next level\u201c<\/strong> nous fabriquons nos produits dans des conditions de\u00a0<strong>Certification<\/strong> <strong>9001:2015.<\/strong><\/p><\/div>\n\t\t\t<\/div>\n\t\t<\/div>\n\t\t\t\t\t\t<\/div>\n\t\t\t\t<\/div>\n\t\t\t\t\t<\/div>\n\t\t\t\t<\/div>\n\t\t<div class=\"elementor-element elementor-element-dc0768a e-flex e-con-boxed e-con e-parent\" data-id=\"dc0768a\" data-element_type=\"container\" data-e-type=\"container\">\n\t\t\t\t\t<div class=\"e-con-inner\">\n\t\t<div class=\"elementor-element elementor-element-97c0b51 e-grid e-con-full e-con e-child\" data-id=\"97c0b51\" data-element_type=\"container\" data-e-type=\"container\">\n\t\t\t\t<div class=\"elementor-element elementor-element-2f0f719 elementor-position-top elementor-widget elementor-widget-image-box\" data-id=\"2f0f719\" data-element_type=\"widget\" data-e-type=\"widget\" data-widget_type=\"image-box.default\">\n\t\t\t\t<div class=\"elementor-widget-container\">\n\t\t\t\t\t<div class=\"elementor-image-box-wrapper\"><figure class=\"elementor-image-box-img\"><a href=\"https:\/\/schaefers-kg.com\/wp-content\/uploads\/2025\/05\/Schaeferts-Sicht-Blisterpack-QM-IMC-Zert-deutsch-.pdf\" tabindex=\"-1\"><img fetchpriority=\"high\" decoding=\"async\" width=\"1418\" height=\"2048\" src=\"https:\/\/schaefers-kg.com\/wp-content\/uploads\/2025\/05\/QM-IMC-Zert-deutsch--1418x2048.jpg\" class=\"attachment-2048x2048 size-2048x2048 wp-image-2052\" alt=\"\" srcset=\"https:\/\/schaefers-kg.com\/wp-content\/uploads\/2025\/05\/QM-IMC-Zert-deutsch--1418x2048.jpg 1418w, https:\/\/schaefers-kg.com\/wp-content\/uploads\/2025\/05\/QM-IMC-Zert-deutsch--208x300.jpg 208w, https:\/\/schaefers-kg.com\/wp-content\/uploads\/2025\/05\/QM-IMC-Zert-deutsch--709x1024.jpg 709w, https:\/\/schaefers-kg.com\/wp-content\/uploads\/2025\/05\/QM-IMC-Zert-deutsch--768x1109.jpg 768w, https:\/\/schaefers-kg.com\/wp-content\/uploads\/2025\/05\/QM-IMC-Zert-deutsch--1063x1536.jpg 1063w, https:\/\/schaefers-kg.com\/wp-content\/uploads\/2025\/05\/QM-IMC-Zert-deutsch--1920x2773.jpg 1920w, https:\/\/schaefers-kg.com\/wp-content\/uploads\/2025\/05\/QM-IMC-Zert-deutsch--1170x1690.jpg 1170w, https:\/\/schaefers-kg.com\/wp-content\/uploads\/2025\/05\/QM-IMC-Zert-deutsch--585x845.jpg 585w, https:\/\/schaefers-kg.com\/wp-content\/uploads\/2025\/05\/QM-IMC-Zert-deutsch--scaled.jpg 1772w\" sizes=\"(max-width: 1418px) 100vw, 1418px\" \/><\/a><\/figure><div class=\"elementor-image-box-content\"><h3 class=\"elementor-image-box-title\"><a href=\"https:\/\/schaefers-kg.com\/wp-content\/uploads\/2025\/05\/Schaeferts-Sicht-Blisterpack-QM-IMC-Zert-deutsch-.pdf\">T\u00e9l\u00e9charger German<\/a><\/h3><p class=\"elementor-image-box-description\">Certificat DIN EN ISO 9001:2015.<\/p><\/div><\/div>\t\t\t\t<\/div>\n\t\t\t\t<\/div>\n\t\t\t\t<div class=\"elementor-element elementor-element-23e3cad elementor-position-top elementor-widget elementor-widget-image-box\" data-id=\"23e3cad\" data-element_type=\"widget\" data-e-type=\"widget\" data-widget_type=\"image-box.default\">\n\t\t\t\t<div class=\"elementor-widget-container\">\n\t\t\t\t\t<div class=\"elementor-image-box-wrapper\"><figure class=\"elementor-image-box-img\"><a href=\"https:\/\/schaefers-kg.com\/wp-content\/uploads\/2025\/05\/Schaefers-Sicht-Blisterpack-QM-IMC-Zert-englisch-.pdf\" tabindex=\"-1\"><img decoding=\"async\" width=\"1418\" height=\"2048\" src=\"https:\/\/schaefers-kg.com\/wp-content\/uploads\/2025\/05\/QM-IMC-Zert-englisch--1418x2048.jpg\" class=\"attachment-2048x2048 size-2048x2048 wp-image-2053\" alt=\"\" srcset=\"https:\/\/schaefers-kg.com\/wp-content\/uploads\/2025\/05\/QM-IMC-Zert-englisch--1418x2048.jpg 1418w, https:\/\/schaefers-kg.com\/wp-content\/uploads\/2025\/05\/QM-IMC-Zert-englisch--208x300.jpg 208w, https:\/\/schaefers-kg.com\/wp-content\/uploads\/2025\/05\/QM-IMC-Zert-englisch--709x1024.jpg 709w, https:\/\/schaefers-kg.com\/wp-content\/uploads\/2025\/05\/QM-IMC-Zert-englisch--768x1109.jpg 768w, https:\/\/schaefers-kg.com\/wp-content\/uploads\/2025\/05\/QM-IMC-Zert-englisch--1063x1536.jpg 1063w, https:\/\/schaefers-kg.com\/wp-content\/uploads\/2025\/05\/QM-IMC-Zert-englisch--1920x2773.jpg 1920w, https:\/\/schaefers-kg.com\/wp-content\/uploads\/2025\/05\/QM-IMC-Zert-englisch--1170x1690.jpg 1170w, https:\/\/schaefers-kg.com\/wp-content\/uploads\/2025\/05\/QM-IMC-Zert-englisch--585x845.jpg 585w, https:\/\/schaefers-kg.com\/wp-content\/uploads\/2025\/05\/QM-IMC-Zert-englisch--scaled.jpg 1772w\" sizes=\"(max-width: 1418px) 100vw, 1418px\" \/><\/a><\/figure><div class=\"elementor-image-box-content\"><h3 class=\"elementor-image-box-title\"><a href=\"https:\/\/schaefers-kg.com\/wp-content\/uploads\/2025\/05\/Schaefers-Sicht-Blisterpack-QM-IMC-Zert-englisch-.pdf\">T\u00e9l\u00e9charger en anglais<\/a><\/h3><p class=\"elementor-image-box-description\">Certificat DIN EN ISO 9001:2015<\/p><\/div><\/div>\t\t\t\t<\/div>\n\t\t\t\t<\/div>\n\t\t\t\t<\/div>\n\t\t\t\t\t<\/div>\n\t\t\t\t<\/div>\n\t\t\t\t<\/div>","protected":false},"excerpt":{"rendered":"<p>ZERTIFIZIERUNG Es erfolgt eine l\u00fcckenlose Dokumentation der Arbeitsschritte, auf die jederzeit zur\u00fcckgegriffen werden kann. Diese Dokumentation wird auch bei Folgeauftr\u00e4gen einbezogen. Unsere Mitarbeiter unterziehen sich regelm\u00e4\u00dfigen Qualit\u00e4ts-Schulungen zur stetigen Verbesserung&hellip;<\/p>","protected":false},"author":1,"featured_media":0,"parent":0,"menu_order":0,"comment_status":"closed","ping_status":"closed","template":"","meta":{"_lmt_disableupdate":"","_lmt_disable":"","footnotes":""},"class_list":["post-1832","page","type-page","status-publish","hentry"],"_links":{"self":[{"href":"https:\/\/schaefers-kg.com\/fr\/wp-json\/wp\/v2\/pages\/1832","targetHints":{"allow":["GET"]}}],"collection":[{"href":"https:\/\/schaefers-kg.com\/fr\/wp-json\/wp\/v2\/pages"}],"about":[{"href":"https:\/\/schaefers-kg.com\/fr\/wp-json\/wp\/v2\/types\/page"}],"author":[{"embeddable":true,"href":"https:\/\/schaefers-kg.com\/fr\/wp-json\/wp\/v2\/users\/1"}],"replies":[{"embeddable":true,"href":"https:\/\/schaefers-kg.com\/fr\/wp-json\/wp\/v2\/comments?post=1832"}],"version-history":[{"count":35,"href":"https:\/\/schaefers-kg.com\/fr\/wp-json\/wp\/v2\/pages\/1832\/revisions"}],"predecessor-version":[{"id":2531,"href":"https:\/\/schaefers-kg.com\/fr\/wp-json\/wp\/v2\/pages\/1832\/revisions\/2531"}],"wp:attachment":[{"href":"https:\/\/schaefers-kg.com\/fr\/wp-json\/wp\/v2\/media?parent=1832"}],"curies":[{"name":"wp","href":"https:\/\/api.w.org\/{rel}","templated":true}]}}