{"id":1827,"date":"2025-04-03T12:17:46","date_gmt":"2025-04-03T10:17:46","guid":{"rendered":"http:\/\/beta.schaefers-kg.com\/?page_id=1827"},"modified":"2025-07-07T11:10:03","modified_gmt":"2025-07-07T09:10:03","slug":"umweltgedanke","status":"publish","type":"page","link":"https:\/\/schaefers-kg.com\/fr\/umweltgedanke\/","title":{"rendered":"Pens\u00e9e environnementale"},"content":{"rendered":"<div data-elementor-type=\"wp-page\" data-elementor-id=\"1827\" class=\"elementor elementor-1827\">\n\t\t\t\t<div class=\"elementor-element elementor-element-09cf89b e-flex e-con-boxed e-con e-parent\" data-id=\"09cf89b\" data-element_type=\"container\" data-e-type=\"container\">\n\t\t\t\t\t<div class=\"e-con-inner\">\n\t\t\t\t<div class=\"elementor-element elementor-element-218e86d elementor-widget elementor-widget-penci-fancy_heading\" data-id=\"218e86d\" data-element_type=\"widget\" data-e-type=\"widget\" data-widget_type=\"penci-fancy_heading.default\">\n\t\t\t\t<div class=\"elementor-widget-container\">\n\t\t\t\t\t\t\t<div class=\"penci-fancy-heading penci-heading-text-left\">\n\t\t\t<div class=\"penci-fancy-heading-inner\">\n\t\t\t\t<h2 class=\"penci-heading-title\"><span class=\"inner-tit\">MERCI POUR L'ENVIRONNEMENT<\/span><\/h2>\t\t\t<\/div>\n\t\t<\/div>\n\t\t\t\t\t\t<\/div>\n\t\t\t\t<\/div>\n\t\t\t\t\t<\/div>\n\t\t\t\t<\/div>\n\t\t<div class=\"elementor-element elementor-element-bf0d0cb e-flex e-con-boxed e-con e-parent\" data-id=\"bf0d0cb\" data-element_type=\"container\" data-e-type=\"container\">\n\t\t\t\t\t<div class=\"e-con-inner\">\n\t\t\t\t<div class=\"elementor-element elementor-element-61257f0 elementor-widget elementor-widget-penci-text-block\" data-id=\"61257f0\" data-element_type=\"widget\" data-e-type=\"widget\" data-widget_type=\"penci-text-block.default\">\n\t\t\t\t<div class=\"elementor-widget-container\">\n\t\t\t\t\t\t\t<div class=\"penci-block-vc penci-text-editor\">\n\t\t\t\t\t\t<div class=\"penci-block_content\">\n\t\t\t\t<div class=\"elementor-text-editor elementor-clearfix\"><h3><span style=\"color: #53969c;\">La protection et la pr\u00e9servation de notre environnement ainsi qu'une utilisation \u00e9quilibr\u00e9e des ressources donn\u00e9es nous tiennent \u00e0 c\u0153ur. Depuis pr\u00e8s de 60 ans, nous d\u00e9veloppons et produisons des emballages transparents individuels de haute qualit\u00e9, de forme carr\u00e9e, ronde ou ovale, pour l'industrie des articles de marque. La satisfaction de nos clients est la base d'une collaboration durable et partenariale. En raison de notre propre responsabilit\u00e9 et dans l'esprit de nos clients de renom, nous nous effor\u00e7ons depuis longtemps, en collaboration avec nos partenaires et fournisseurs de films, de promouvoir l'environnement et le d\u00e9veloppement durable dans la gestion des ressources fossiles.<\/span><\/h3><\/div>\n\t\t\t<\/div>\n\t\t<\/div>\n\t\t\t\t\t\t<\/div>\n\t\t\t\t<\/div>\n\t\t\t\t\t<\/div>\n\t\t\t\t<\/div>\n\t\t<div class=\"elementor-element elementor-element-b6a6817 e-flex e-con-boxed e-con e-parent\" data-id=\"b6a6817\" data-element_type=\"container\" data-e-type=\"container\">\n\t\t\t\t\t<div class=\"e-con-inner\">\n\t\t<div class=\"elementor-element elementor-element-cac1a27 e-con-full e-flex e-con e-child\" data-id=\"cac1a27\" data-element_type=\"container\" data-e-type=\"container\">\n\t\t\t\t<div class=\"elementor-element elementor-element-829a2d6 e-transform e-transform elementor-widget elementor-widget-image\" data-id=\"829a2d6\" data-element_type=\"widget\" data-e-type=\"widget\" data-settings=\"{&quot;_transform_translateY_effect&quot;:{&quot;unit&quot;:&quot;px&quot;,&quot;size&quot;:-34,&quot;sizes&quot;:[]},&quot;_transform_scaleX_effect&quot;:{&quot;unit&quot;:&quot;px&quot;,&quot;size&quot;:0.90000000000000002220446049250313080847263336181640625,&quot;sizes&quot;:[]},&quot;_transform_scaleY_effect&quot;:{&quot;unit&quot;:&quot;px&quot;,&quot;size&quot;:0.90000000000000002220446049250313080847263336181640625,&quot;sizes&quot;:[]},&quot;_transform_translateX_effect&quot;:{&quot;unit&quot;:&quot;px&quot;,&quot;size&quot;:&quot;&quot;,&quot;sizes&quot;:[]},&quot;_transform_translateX_effect_tablet&quot;:{&quot;unit&quot;:&quot;px&quot;,&quot;size&quot;:&quot;&quot;,&quot;sizes&quot;:[]},&quot;_transform_translateX_effect_mobile&quot;:{&quot;unit&quot;:&quot;px&quot;,&quot;size&quot;:&quot;&quot;,&quot;sizes&quot;:[]},&quot;_transform_translateY_effect_tablet&quot;:{&quot;unit&quot;:&quot;px&quot;,&quot;size&quot;:&quot;&quot;,&quot;sizes&quot;:[]},&quot;_transform_translateY_effect_mobile&quot;:{&quot;unit&quot;:&quot;px&quot;,&quot;size&quot;:&quot;&quot;,&quot;sizes&quot;:[]},&quot;_transform_scaleX_effect_tablet&quot;:{&quot;unit&quot;:&quot;px&quot;,&quot;size&quot;:&quot;&quot;,&quot;sizes&quot;:[]},&quot;_transform_scaleX_effect_mobile&quot;:{&quot;unit&quot;:&quot;px&quot;,&quot;size&quot;:&quot;&quot;,&quot;sizes&quot;:[]},&quot;_transform_scaleY_effect_tablet&quot;:{&quot;unit&quot;:&quot;px&quot;,&quot;size&quot;:&quot;&quot;,&quot;sizes&quot;:[]},&quot;_transform_scaleY_effect_mobile&quot;:{&quot;unit&quot;:&quot;px&quot;,&quot;size&quot;:&quot;&quot;,&quot;sizes&quot;:[]}}\" data-widget_type=\"image.default\">\n\t\t\t\t<div class=\"elementor-widget-container\">\n\t\t\t\t\t\t\t\t\t\t\t\t\t\t\t<img fetchpriority=\"high\" decoding=\"async\" width=\"1024\" height=\"1024\" src=\"https:\/\/schaefers-kg.com\/wp-content\/uploads\/2025\/06\/siegel-nachhaltig-1500px-1024x1024.png\" class=\"attachment-large size-large wp-image-2243\" alt=\"\" srcset=\"https:\/\/schaefers-kg.com\/wp-content\/uploads\/2025\/06\/siegel-nachhaltig-1500px-1024x1024.png 1024w, https:\/\/schaefers-kg.com\/wp-content\/uploads\/2025\/06\/siegel-nachhaltig-1500px-300x300.png 300w, https:\/\/schaefers-kg.com\/wp-content\/uploads\/2025\/06\/siegel-nachhaltig-1500px-150x150.png 150w, https:\/\/schaefers-kg.com\/wp-content\/uploads\/2025\/06\/siegel-nachhaltig-1500px-768x767.png 768w, https:\/\/schaefers-kg.com\/wp-content\/uploads\/2025\/06\/siegel-nachhaltig-1500px-1170x1169.png 1170w, https:\/\/schaefers-kg.com\/wp-content\/uploads\/2025\/06\/siegel-nachhaltig-1500px-585x585.png 585w, https:\/\/schaefers-kg.com\/wp-content\/uploads\/2025\/06\/siegel-nachhaltig-1500px-1200x1200.png 1200w, https:\/\/schaefers-kg.com\/wp-content\/uploads\/2025\/06\/siegel-nachhaltig-1500px.png 1500w\" sizes=\"(max-width: 1024px) 100vw, 1024px\" \/>\t\t\t\t\t\t\t\t\t\t\t\t\t\t\t<\/div>\n\t\t\t\t<\/div>\n\t\t\t\t<\/div>\n\t\t<div class=\"elementor-element elementor-element-e2c25d4 e-con-full e-flex e-con e-child\" data-id=\"e2c25d4\" data-element_type=\"container\" data-e-type=\"container\">\n\t\t\t\t<div class=\"elementor-element elementor-element-72f394f elementor-widget elementor-widget-penci-text-block\" data-id=\"72f394f\" data-element_type=\"widget\" data-e-type=\"widget\" data-widget_type=\"penci-text-block.default\">\n\t\t\t\t<div class=\"elementor-widget-container\">\n\t\t\t\t\t\t\t<div class=\"penci-block-vc penci-text-editor\">\n\t\t\t\t\t\t<div class=\"penci-block_content\">\n\t\t\t\t<div class=\"elementor-text-editor elementor-clearfix\"><p>Outre notre volont\u00e9 d'utiliser encore plus de films biosourc\u00e9s \u00e0 l'avenir et d'exiger de nos fournisseurs une am\u00e9lioration et une optimisation constantes de ces films, nous travaillons depuis des d\u00e9cennies d\u00e9j\u00e0 en pr\u00e9servant les ressources !\u00a0<br \/>Dans le cadre de notre propre processus de production, nous collectons donc les chutes de films, les trions par type et les vendons \u00e0 des entreprises de traitement des d\u00e9chets pour qu'elles les recyclent. Nos partenaires transforment ensuite ces mat\u00e9riaux recyclables en granul\u00e9s, qui sont \u00e0 leur tour livr\u00e9s aux fabricants de films et r\u00e9introduits dans le circuit.<br \/><br \/>En nous basant sur le cycle \u00e9conomique interne, nous misons de plus en plus sur l'utilisation de films avec un taux de recyclage aussi \u00e9lev\u00e9 que possible. Cela signifie que nous renon\u00e7ons d\u00e9lib\u00e9r\u00e9ment aux films qui sont constitu\u00e9s \u00e0 100% de granul\u00e9s dits \u201evierges\u201c. Les films que nous utilisons se composent donc jusqu'\u00e0 40% de mat\u00e9riau recycl\u00e9. Dans certains cas, cette proportion peut m\u00eame atteindre 80% ! Les progr\u00e8s techniques, ainsi que l'\u00e9troite collaboration avec nos partenaires, permettent de fabriquer et de traiter - imprimer, d\u00e9couper, coller, souder - sans probl\u00e8me ces films \u00e9galement tr\u00e8s transparents.<\/p><\/div>\n\t\t\t<\/div>\n\t\t<\/div>\n\t\t\t\t\t\t<\/div>\n\t\t\t\t<\/div>\n\t\t\t\t<\/div>\n\t\t\t\t\t<\/div>\n\t\t\t\t<\/div>\n\t\t\t\t<\/div>","protected":false},"excerpt":{"rendered":"<p>UMWELTGEDANKE Die Schonung und Erhaltung unserer Umwelt sowie ein ausgewogener Umgang mit den gegebenen Ressourcen liegen uns am Herzen. Seit beinahe 60 Jahren entwickeln und produzieren wir hochwertige, individuelle Klarsichtverpackungen&hellip;<\/p>","protected":false},"author":1,"featured_media":0,"parent":0,"menu_order":0,"comment_status":"closed","ping_status":"closed","template":"","meta":{"_lmt_disableupdate":"","_lmt_disable":"","footnotes":""},"class_list":["post-1827","page","type-page","status-publish","hentry"],"_links":{"self":[{"href":"https:\/\/schaefers-kg.com\/fr\/wp-json\/wp\/v2\/pages\/1827","targetHints":{"allow":["GET"]}}],"collection":[{"href":"https:\/\/schaefers-kg.com\/fr\/wp-json\/wp\/v2\/pages"}],"about":[{"href":"https:\/\/schaefers-kg.com\/fr\/wp-json\/wp\/v2\/types\/page"}],"author":[{"embeddable":true,"href":"https:\/\/schaefers-kg.com\/fr\/wp-json\/wp\/v2\/users\/1"}],"replies":[{"embeddable":true,"href":"https:\/\/schaefers-kg.com\/fr\/wp-json\/wp\/v2\/comments?post=1827"}],"version-history":[{"count":22,"href":"https:\/\/schaefers-kg.com\/fr\/wp-json\/wp\/v2\/pages\/1827\/revisions"}],"predecessor-version":[{"id":2432,"href":"https:\/\/schaefers-kg.com\/fr\/wp-json\/wp\/v2\/pages\/1827\/revisions\/2432"}],"wp:attachment":[{"href":"https:\/\/schaefers-kg.com\/fr\/wp-json\/wp\/v2\/media?parent=1827"}],"curies":[{"name":"wp","href":"https:\/\/api.w.org\/{rel}","templated":true}]}}