{"id":1811,"date":"2025-04-03T12:08:17","date_gmt":"2025-04-03T10:08:17","guid":{"rendered":"http:\/\/beta.schaefers-kg.com\/?page_id=1811"},"modified":"2025-04-03T12:11:07","modified_gmt":"2025-04-03T10:11:07","slug":"technik","status":"publish","type":"page","link":"https:\/\/schaefers-kg.com\/fr\/technik\/","title":{"rendered":"Technique"},"content":{"rendered":"<div data-elementor-type=\"wp-page\" data-elementor-id=\"1811\" class=\"elementor elementor-1811\">\n\t\t\t\t<div class=\"elementor-element elementor-element-09cf89b e-flex e-con-boxed e-con e-parent\" data-id=\"09cf89b\" data-element_type=\"container\" data-e-type=\"container\">\n\t\t\t\t\t<div class=\"e-con-inner\">\n\t\t\t\t<div class=\"elementor-element elementor-element-218e86d elementor-widget elementor-widget-penci-fancy_heading\" data-id=\"218e86d\" data-element_type=\"widget\" data-e-type=\"widget\" data-widget_type=\"penci-fancy_heading.default\">\n\t\t\t\t<div class=\"elementor-widget-container\">\n\t\t\t\t\t\t\t<div class=\"penci-fancy-heading penci-heading-text-left\">\n\t\t\t<div class=\"penci-fancy-heading-inner\">\n\t\t\t\t<h2 class=\"penci-heading-title\"><span class=\"inner-tit\">Technique<\/span><\/h2>\t\t\t<\/div>\n\t\t<\/div>\n\t\t\t\t\t\t<\/div>\n\t\t\t\t<\/div>\n\t\t\t\t\t<\/div>\n\t\t\t\t<\/div>\n\t\t<div class=\"elementor-element elementor-element-bf0d0cb e-flex e-con-boxed e-con e-parent\" data-id=\"bf0d0cb\" data-element_type=\"container\" data-e-type=\"container\">\n\t\t\t\t\t<div class=\"e-con-inner\">\n\t\t\t\t<div class=\"elementor-element elementor-element-61257f0 elementor-widget elementor-widget-penci-text-block\" data-id=\"61257f0\" data-element_type=\"widget\" data-e-type=\"widget\" data-widget_type=\"penci-text-block.default\">\n\t\t\t\t<div class=\"elementor-widget-container\">\n\t\t\t\t\t\t\t<div class=\"penci-block-vc penci-text-editor\">\n\t\t\t\t\t\t<div class=\"penci-block_content\">\n\t\t\t\t<div class=\"elementor-text-editor elementor-clearfix\"><h3><span style=\"color: #99cc00;\">Tout comme les hommes, les machines de production doivent \u00e9voluer pour continuer \u00e0 fournir le meilleur service possible. C'est pourquoi\u00a0 <strong><span style=\"color: #000000;\">sch\u00e4fers packaging solutions<\/span>\u00a0<\/strong>en a fait son credo :<\/span><\/h3><h3><span style=\"color: #000000;\"><strong>Si <span style=\"color: #99cc00;\">\u201emieux\u201c<\/span> est possible, est <span style=\"color: #99cc00;\">\u201ebien\u201c<\/span> pas assez bon\u00a0<\/strong><\/span><\/h3><\/div>\n\t\t\t<\/div>\n\t\t<\/div>\n\t\t\t\t\t\t<\/div>\n\t\t\t\t<\/div>\n\t\t\t\t\t<\/div>\n\t\t\t\t<\/div>\n\t\t<div class=\"elementor-element elementor-element-16f51a8 e-flex e-con-boxed e-con e-parent\" data-id=\"16f51a8\" data-element_type=\"container\" data-e-type=\"container\">\n\t\t\t\t\t<div class=\"e-con-inner\">\n\t\t\t\t<div class=\"elementor-element elementor-element-255c5f8 elementor-widget elementor-widget-penci-text-block\" data-id=\"255c5f8\" data-element_type=\"widget\" data-e-type=\"widget\" data-widget_type=\"penci-text-block.default\">\n\t\t\t\t<div class=\"elementor-widget-container\">\n\t\t\t\t\t\t\t<div class=\"penci-block-vc penci-text-editor\">\n\t\t\t\t\t\t<div class=\"penci-block_content\">\n\t\t\t\t<div class=\"elementor-text-editor elementor-clearfix\"><p>Les multiples techniques d'ennoblissement des emballages, telles que la s\u00e9rigraphie UV ou l'impression offset UV, ainsi que l'impression par dorure \u00e0 chaud, donnent \u00e0 votre emballage individuel un visage unique. Ces finitions d'impression, combin\u00e9es \u00e0 un gaufrage en relief, donnent encore \u00e0 votre emballage le \u201ecoup de pouce\u201c correspondant et le rendent unique.<\/p><p>Nos fen\u00eatres d\u00e9coup\u00e9es sont appliqu\u00e9es et coll\u00e9es de mani\u00e8re enti\u00e8rement automatique sur la bo\u00eete pliante en carton, m\u00eame dans les coins. Les fen\u00eatres sont dot\u00e9es de lignes de pliage ultra-\u00e9troites pour un montage rapide sous forme d'emballages combin\u00e9s en carton et en plastique.<\/p><p>Les technologies de ligne de d\u00e9coupe et de collage d\u00e9velopp\u00e9es par notre entreprise permettent de fabriquer des emballages coniques, rectangulaires et carr\u00e9s avec les possibilit\u00e9s de fermeture les plus diverses, jusqu'au fond pli\u00e9 ou au double collage. Nos emballages peuvent \u00eatre mont\u00e9s rapidement, manuellement et automatiquement, m\u00eame sur votre ligne de conditionnement. \u201e<strong>Solutions d'emballage Sch\u00e4fers<\/strong>\u201c s'est donn\u00e9 pour mission de tenir compte des exigences \u00e9cologiques. C'est pourquoi nous utilisons, dans le cadre des possibilit\u00e9s offertes, des mat\u00e9riaux recycl\u00e9s avec un pourcentage \u00e9lev\u00e9 de recyclat provenant de\u00a0<strong>D\u00e9chets post-consommation<\/strong>\u00a0et sur\u00a0<strong>mati\u00e8res premi\u00e8res biosourc\u00e9es<\/strong>, La technologie de soudage par ultrasons est la plus r\u00e9cente dans le domaine de la transformation des mati\u00e8res plastiques.<\/p><\/div>\n\t\t\t<\/div>\n\t\t<\/div>\n\t\t\t\t\t\t<\/div>\n\t\t\t\t<\/div>\n\t\t\t\t\t<\/div>\n\t\t\t\t<\/div>\n\t\t<div class=\"elementor-element elementor-element-7a5f0ff e-flex e-con-boxed e-con e-parent\" data-id=\"7a5f0ff\" data-element_type=\"container\" data-e-type=\"container\">\n\t\t\t\t\t<div class=\"e-con-inner\">\n\t\t\t\t<div class=\"elementor-element elementor-element-2dbe0a7 elementor-widget elementor-widget-penci-text-block\" data-id=\"2dbe0a7\" data-element_type=\"widget\" data-e-type=\"widget\" data-widget_type=\"penci-text-block.default\">\n\t\t\t\t<div class=\"elementor-widget-container\">\n\t\t\t\t\t\t\t<div class=\"penci-block-vc penci-text-editor\">\n\t\t\t\t\t\t<div class=\"penci-block_content\">\n\t\t\t\t<div class=\"elementor-text-editor elementor-clearfix\"><h6><span style=\"color: #99cc00;\"><strong>Vous avez d'autres questions ? N'h\u00e9sitez pas \u00e0 contacter notre \u00e9quipe de service.<\/strong><\/span><\/h6><\/div>\n\t\t\t<\/div>\n\t\t<\/div>\n\t\t\t\t\t\t<\/div>\n\t\t\t\t<\/div>\n\t\t\t\t\t<\/div>\n\t\t\t\t<\/div>\n\t\t\t\t<\/div>","protected":false},"excerpt":{"rendered":"<p>Technik So wie wir uns Menschen weiterentwickeln m\u00fcssen, gilt dies auch den Fertigungsmaschinen um auch weiterhin das Bestm\u00f6gliche zu Leisten. Daher hat\u00a0 sch\u00e4fers packaging solutions\u00a0sich zu seinem Credo gemacht: Wenn&hellip;<\/p>","protected":false},"author":1,"featured_media":0,"parent":0,"menu_order":0,"comment_status":"closed","ping_status":"closed","template":"","meta":{"_lmt_disableupdate":"","_lmt_disable":"","footnotes":""},"class_list":["post-1811","page","type-page","status-publish","hentry"],"_links":{"self":[{"href":"https:\/\/schaefers-kg.com\/fr\/wp-json\/wp\/v2\/pages\/1811","targetHints":{"allow":["GET"]}}],"collection":[{"href":"https:\/\/schaefers-kg.com\/fr\/wp-json\/wp\/v2\/pages"}],"about":[{"href":"https:\/\/schaefers-kg.com\/fr\/wp-json\/wp\/v2\/types\/page"}],"author":[{"embeddable":true,"href":"https:\/\/schaefers-kg.com\/fr\/wp-json\/wp\/v2\/users\/1"}],"replies":[{"embeddable":true,"href":"https:\/\/schaefers-kg.com\/fr\/wp-json\/wp\/v2\/comments?post=1811"}],"version-history":[{"count":4,"href":"https:\/\/schaefers-kg.com\/fr\/wp-json\/wp\/v2\/pages\/1811\/revisions"}],"predecessor-version":[{"id":1815,"href":"https:\/\/schaefers-kg.com\/fr\/wp-json\/wp\/v2\/pages\/1811\/revisions\/1815"}],"wp:attachment":[{"href":"https:\/\/schaefers-kg.com\/fr\/wp-json\/wp\/v2\/media?parent=1811"}],"curies":[{"name":"wp","href":"https:\/\/api.w.org\/{rel}","templated":true}]}}