{"id":1770,"date":"2025-04-02T18:28:45","date_gmt":"2025-04-02T16:28:45","guid":{"rendered":"http:\/\/beta.schaefers-kg.com\/?page_id=1770"},"modified":"2025-04-02T18:29:30","modified_gmt":"2025-04-02T16:29:30","slug":"datenschutzerklaerung-2","status":"publish","type":"page","link":"https:\/\/schaefers-kg.com\/fr\/datenschutzerklaerung-2\/","title":{"rendered":"D\u00e9claration de confidentialit\u00e9"},"content":{"rendered":"<div data-elementor-type=\"wp-page\" data-elementor-id=\"1770\" class=\"elementor elementor-1770\">\n\t\t\t\t<div class=\"elementor-element elementor-element-09cf89b e-flex e-con-boxed e-con e-parent\" data-id=\"09cf89b\" data-element_type=\"container\" data-e-type=\"container\">\n\t\t\t\t\t<div class=\"e-con-inner\">\n\t\t\t\t<div class=\"elementor-element elementor-element-218e86d elementor-widget elementor-widget-penci-fancy_heading\" data-id=\"218e86d\" data-element_type=\"widget\" data-e-type=\"widget\" data-widget_type=\"penci-fancy_heading.default\">\n\t\t\t\t<div class=\"elementor-widget-container\">\n\t\t\t\t\t\t\t<div class=\"penci-fancy-heading penci-heading-text-left\">\n\t\t\t<div class=\"penci-fancy-heading-inner\">\n\t\t\t\t<h2 class=\"penci-heading-title\"><span class=\"inner-tit\">D\u00e9claration de confidentialit\u00e9<\/span><\/h2>\t\t\t<\/div>\n\t\t<\/div>\n\t\t\t\t\t\t<\/div>\n\t\t\t\t<\/div>\n\t\t\t\t\t<\/div>\n\t\t\t\t<\/div>\n\t\t<div class=\"elementor-element elementor-element-bf0d0cb e-flex e-con-boxed e-con e-parent\" data-id=\"bf0d0cb\" data-element_type=\"container\" data-e-type=\"container\">\n\t\t\t\t\t<div class=\"e-con-inner\">\n\t\t\t\t<div class=\"elementor-element elementor-element-61257f0 elementor-widget elementor-widget-penci-text-block\" data-id=\"61257f0\" data-element_type=\"widget\" data-e-type=\"widget\" data-widget_type=\"penci-text-block.default\">\n\t\t\t\t<div class=\"elementor-widget-container\">\n\t\t\t\t\t\t\t<div class=\"penci-block-vc penci-text-editor\">\n\t\t\t\t\t\t<div class=\"penci-block_content\">\n\t\t\t\t<div class=\"elementor-text-editor elementor-clearfix\"><h2>Collecte et traitement des donn\u00e9es personnelles<\/h2><p>En r\u00e8gle g\u00e9n\u00e9rale, vous pouvez visiter nos pages sans que nous ayons besoin de vos donn\u00e9es personnelles. Les donn\u00e9es personnelles ne sont collect\u00e9es que si vous nous les communiquez de votre propre initiative, par exemple dans le cadre d'un enregistrement, d'une demande ou de l'ex\u00e9cution d'un contrat.<\/p><p>Lorsque vous acc\u00e9dez \u00e0 ce site web, les donn\u00e9es suivantes sont enregistr\u00e9es dans un fichier journal :<\/p><ul><li>adresse IP anonymis\u00e9e (l'anonymisation est effectu\u00e9e en tronquant au moins 3 chiffres de l'adresse IP)<\/li><li>la date et l'heure de l'acc\u00e8s<\/li><li>la page appel\u00e9e ou le nom du fichier consult\u00e9<\/li><li>message indiquant si l'acc\u00e8s \u00e0 la page ou la r\u00e9cup\u00e9ration du fichier a \u00e9t\u00e9 effectu\u00e9 avec succ\u00e8s<\/li><li>quantit\u00e9 de donn\u00e9es transmises<\/li><li>le navigateur web utilis\u00e9 et le syst\u00e8me d'exploitation utilis\u00e9<\/li><\/ul><p>Le fichier journal est automatiquement supprim\u00e9 apr\u00e8s 30 jours.<\/p><h2>Utilisation et transmission des donn\u00e9es personnelles et limitation des finalit\u00e9s<\/h2><p>Toutes les donn\u00e9es personnelles recueillies dans le cadre de nos services Internet sont collect\u00e9es, trait\u00e9es et utilis\u00e9es conform\u00e9ment aux dispositions en vigueur relatives \u00e0 la protection des donn\u00e9es personnelles, uniquement dans le but d'ex\u00e9cuter le contrat et de pr\u00e9server nos propres int\u00e9r\u00eats commerciaux l\u00e9gitimes en ce qui concerne le conseil et le suivi de nos clients et des personnes int\u00e9ress\u00e9es.<br \/>Dans la mesure o\u00f9 nous y sommes contraints par la loi ou par d\u00e9cision de justice, nous transmettrons vos donn\u00e9es \u00e0 des organismes autoris\u00e9s \u00e0 recevoir des informations.<\/p><h2>S\u00e9curit\u00e9<\/h2><p>Nous mettons en \u0153uvre des mesures de s\u00e9curit\u00e9 techniques et organisationnelles afin de prot\u00e9ger les donn\u00e9es que vous mettez \u00e0 notre disposition contre toute manipulation accidentelle ou intentionnelle, perte, destruction ou acc\u00e8s par des personnes non autoris\u00e9es. Cela s'applique \u00e9galement lorsque des services externes sont utilis\u00e9s. Nos mesures de s\u00e9curit\u00e9 sont am\u00e9lior\u00e9es en permanence en fonction de l'\u00e9volution technologique.<\/p><h2>Biscuits<\/h2><p>Nous utilisons des cookies sur notre site Internet. Un cookie est un petit fichier qui est enregistr\u00e9 sur votre ordinateur d\u00e8s que vous visitez un site web. Lorsque vous visitez \u00e0 nouveau le site, le cookie indique qu'il s'agit d'une visite r\u00e9p\u00e9t\u00e9e. Le cookie contient un num\u00e9ro unique et, le cas \u00e9ch\u00e9ant, une date. Le cookie ne contient pas de donn\u00e9es personnelles. Le cookie ne permet pas de vous identifier sur les sites web de tiers, y compris les sites web des fournisseurs d'analyses.<\/p><p>Vous pouvez configurer votre navigateur de mani\u00e8re \u00e0 ce que l'acceptation des cookies soit en principe refus\u00e9e ou que vous soyez inform\u00e9 au pr\u00e9alable lorsqu'un cookie est enregistr\u00e9. Vous trouverez de plus amples informations \u00e0 ce sujet dans le mode d'emploi de votre navigateur Internet.<\/p><p>Nous n'utilisons pas les adresses IP ou les cookies pour vous identifier personnellement.<br \/>Nous utilisons ces syst\u00e8mes dans le but d'am\u00e9liorer l'efficacit\u00e9 de notre site web et de notre marketing.<\/p><h2>Google MAPS<\/h2><p>Ce site web utilise l'API Google Maps, un service de cartographie de Google Inc (\u201eGoogle\u201c), pour afficher une carte interactive. En utilisant Google Maps, des informations sur votre utilisation de ce site web (y compris votre adresse IP) peuvent \u00eatre transmises \u00e0 un serveur de Google aux \u00c9tats-Unis et y \u00eatre enregistr\u00e9es.<\/p><p>Google transmettra \u00e9ventuellement les informations obtenues par le biais de Maps \u00e0 des tiers, dans la mesure o\u00f9 cela est prescrit par la loi ou si des tiers traitent ces donn\u00e9es pour le compte de Google.<\/p><p>Google n'associera en aucun cas votre adresse IP \u00e0 d'autres donn\u00e9es de Google. N\u00e9anmoins, il serait techniquement possible que Google puisse proc\u00e9der \u00e0 une identification d'au moins certains utilisateurs sur la base des donn\u00e9es re\u00e7ues. Il serait possible que des donn\u00e9es personnelles et des profils de personnalit\u00e9 d'utilisateurs du site web soient trait\u00e9s par Google \u00e0 d'autres fins, sur lesquelles nous n'avons et ne pouvons avoir aucune influence. Ceci, ainsi que le fait que des donn\u00e9es soient transmises aux \u00c9tats-Unis, est probl\u00e9matique du point de vue de la protection des donn\u00e9es.<\/p><p>Vous avez la possibilit\u00e9 de d\u00e9sactiver le service de Google Maps de mani\u00e8re simple et d'emp\u00eacher ainsi le transfert de donn\u00e9es \u00e0 Google : Pour ce faire, d\u00e9sactivez JavaScript dans votre navigateur. Nous attirons toutefois votre attention sur le fait que, dans ce cas, vous ne pourrez pas utiliser l'affichage des cartes.<\/p><p>En utilisant ce site web et en ne d\u00e9sactivant pas la fonction JavaScript, vous d\u00e9clarez express\u00e9ment, en connaissance des probl\u00e8mes li\u00e9s \u00e0 la protection des donn\u00e9es, que vous acceptez le traitement par Google des donn\u00e9es collect\u00e9es \u00e0 votre sujet de la mani\u00e8re et aux fins d\u00e9crites pr\u00e9c\u00e9demment.<\/p><h2>Suivi de site web avec PIWIK<\/h2><p>Notre site internet utilise le service d'analyse web PIWIK. PIWIK utilise des \u201ecookies\u201c, c'est-\u00e0-dire des fichiers texte qui sont enregistr\u00e9s sur votre ordinateur et qui nous permettent d'analyser l'utilisation du site web. \u00c0 cette fin, les informations d'utilisation g\u00e9n\u00e9r\u00e9es (y compris votre adresse IP rendue anonyme par raccourcissement) sont transmises \u00e0 notre serveur et enregistr\u00e9es \u00e0 des fins d'analyse, ce qui permet d'optimiser notre site web. Les informations g\u00e9n\u00e9r\u00e9es sur l'utilisation de votre site web ne sont pas transmises \u00e0 des tiers. Vous pouvez emp\u00eacher l'utilisation des cookies en param\u00e9trant votre navigateur en cons\u00e9quence, mais il se peut alors que vous ne puissiez pas utiliser toutes les fonctions de ce site web dans leur int\u00e9gralit\u00e9. Vous pouvez vous opposer \u00e0 l'enregistrement et \u00e0 l'utilisation de vos donn\u00e9es de visite en cliquant ci-dessous. Dans ce cas, un cookie dit \"opt-out\" est d\u00e9pos\u00e9 dans votre navigateur, ce qui a pour cons\u00e9quence que PIWIK ne collecte aucune donn\u00e9e de session. Attention : si vous supprimez vos cookies, le cookie opt-out sera \u00e9galement supprim\u00e9 et vous devrez le r\u00e9activer.<\/p><h2>Suivi de site Google Analytics et ses fonctions publicitaires<\/h2><p>Notre site internet utilise le service d'analyse web Google Analytics, de Google Inc (\u201eGoogle\u201c). Google Analytics utilise des \u201ecookies\u201c, des fichiers texte qui sont enregistr\u00e9s sur votre ordinateur et qui permettent d'analyser votre utilisation du site web. Les informations g\u00e9n\u00e9r\u00e9es par le cookie concernant votre utilisation de ce site web sont g\u00e9n\u00e9ralement transmises \u00e0 un serveur de Google aux \u00c9tats-Unis et y sont enregistr\u00e9es. En cas d'activation de l'anonymisation IP sur ce site, votre adresse IP sera toutefois abr\u00e9g\u00e9e au pr\u00e9alable par Google. Ce n'est que dans des cas exceptionnels que l'adresse IP compl\u00e8te est transmise \u00e0 un serveur de Google aux \u00c9tats-Unis et y est raccourcie. Google utilisera ces informations pour notre compte afin d'\u00e9valuer votre utilisation de ce site Internet, de compiler des rapports et de fournir d'autres services li\u00e9s \u00e0 l'utilisation. L'adresse IP transmise par votre navigateur dans le cadre de Google Analytics ne sera pas recoup\u00e9e avec d'autres donn\u00e9es de Google. Vous pouvez emp\u00eacher l'enregistrement des cookies en param\u00e9trant votre logiciel de navigation en cons\u00e9quence ; nous attirons toutefois votre attention sur le fait que, dans ce cas, vous ne pourrez pas utiliser toutes les fonctions de ce site Internet.<\/p><p>Nous attirons \u00e9galement votre attention sur le fait que nous avons activ\u00e9 toutes les fonctions publicitaires de Google Analytics. Des donn\u00e9es d'acc\u00e8s suppl\u00e9mentaires sont ainsi collect\u00e9es, dans la mesure o\u00f9 vous les mettez \u00e0 disposition. La fonction publicitaire nous permet d'obtenir des rapports sur les performances en fonction des caract\u00e9ristiques d\u00e9mographiques, des int\u00e9r\u00eats ainsi que du remarketing.<br \/>Les donn\u00e9es personnelles peuvent \u00eatre combin\u00e9es avec des donn\u00e9es non personnelles lorsqu'elles sont collect\u00e9es \u00e0 l'aide de produits publicitaires Google.<\/p><p>Vous pouvez en outre emp\u00eacher la saisie des donn\u00e9es g\u00e9n\u00e9r\u00e9es par le cookie et se rapportant \u00e0 votre utilisation (y compris votre adresse IP) ainsi que leur traitement par Google en t\u00e9l\u00e9chargeant et en installant le plug-in de navigateur disponible sous le lien suivant (http:\/\/tools.google.com\/dlpage\/gaoptout?hl=de).<br \/>Vous pouvez emp\u00eacher la saisie par Google Analytics en cliquant sur le lien suivant. Un cookie d'opt-out sera install\u00e9, qui emp\u00eachera la collecte future de vos donn\u00e9es lorsque vous visiterez ce site :<br \/><a><strong>D\u00e9sactiver Google Analytics<\/strong><\/a><br \/>Vous trouverez de plus amples informations sur les conditions d'utilisation et la protection des donn\u00e9es sur http:\/\/www.google.com\/analytics\/terms\/de.html ou sur https:\/\/www.google.de\/intl\/de\/policies\/.<br \/>Nous attirons votre attention sur le fait que, sur ce site, Google Analytics a \u00e9t\u00e9 compl\u00e9t\u00e9 par le code \u201eanonymizeIp\u201c afin de garantir une saisie anonyme des adresses IP.<\/p><h2>Publicit\u00e9, publicit\u00e9 par e-mail (newsletter)<\/h2><p>Si vous vous \u00eates inscrit s\u00e9par\u00e9ment \u00e0 la newsletter pour nos gammes de produits, votre adresse e-mail sera utilis\u00e9e \u00e0 des fins publicitaires pour ces gammes de produits jusqu'\u00e0 ce que vous vous d\u00e9sabonniez de la newsletter. La d\u00e9sinscription est possible \u00e0 tout moment, sans frais autres que les frais de transmission selon les tarifs de base.<br \/>Bien entendu, vous pouvez \u00e0 tout moment vous opposer \u00e0 une utilisation ult\u00e9rieure de vos donn\u00e9es \u00e0 des fins publicitaires et de marketing - m\u00eame dans la mesure o\u00f9 celle-ci est l\u00e9galement autoris\u00e9e sans votre consentement (p. ex. publicit\u00e9 par courrier) - en nous adressant un simple message.<br \/>Il est \u00e9galement possible de se d\u00e9sinscrire d'une newsletter via un lien de d\u00e9sinscription dans la newsletter elle-m\u00eame.<\/p><h2>Apps<\/h2><p>Les services peuvent \u00eatre utilisables via des terminaux tels que des smartphones ou des iPads avec le syst\u00e8me d'exploitation iOS. Dans certains cas, le contenu est t\u00e9l\u00e9charg\u00e9 \u00e0 partir d'autres sources (principalement pour des raisons d'actualit\u00e9 des donn\u00e9es, comme par exemple les cartes des fournisseurs de cartes). Les fonctions sont en principe ex\u00e9cut\u00e9es sur le terminal. Si nous appelons des fonctions sur nos serveurs (par ex. pour des raisons de performance), nous y rejetons ces donn\u00e9es apr\u00e8s la transmission des r\u00e9sultats. Dans ce contexte, nous ne traitons les donn\u00e9es personnelles que si cela est n\u00e9cessaire pour l'objectif de l'application ou si vous nous avez donn\u00e9 votre consentement explicite. Les donn\u00e9es ne sont pas transmises \u00e0 des tiers. Nous nous r\u00e9servons le droit de proc\u00e9der \u00e0 une \u00e9valuation statistique des donn\u00e9es anonymis\u00e9es.<\/p><p>Des donn\u00e9es g\u00e9ographiques sont utilis\u00e9es pour les services de localisation (par ex. votre position). Nous ne combinons pas ces donn\u00e9es g\u00e9ographiques avec vos donn\u00e9es \u00e0 caract\u00e8re personnel, mais les utilisons uniquement \u00e0 des fins de localisation dans le cadre de l'application que vous avez appel\u00e9e ou d'une fonction partielle d'une application. Apr\u00e8s la localisation, nous rejetons ces donn\u00e9es g\u00e9ographiques. En fonction de votre terminal, vous pouvez \u00e9galement d\u00e9sactiver de mani\u00e8re g\u00e9n\u00e9rale la possibilit\u00e9 de localisation (voir \u00e0 ce sujet les informations du fabricant de votre terminal). Dans ce cas, la fonction de localisation de l'application n'est toutefois pas utilisable.<\/p><p>Des donn\u00e9es sont \u00e9galement d\u00e9pos\u00e9es sur votre terminal, l'enregistrement des donn\u00e9es personnelles se fait toujours sous forme crypt\u00e9e, certaines donn\u00e9es sont \u00e9galement enregistr\u00e9es sous forme non crypt\u00e9e (p. ex. les r\u00e9glages des interrupteurs on\/off sp\u00e9cifiques de nos apps). En cas de perte de votre terminal, une utilisation abusive par des tiers ne peut \u00eatre exclue. Nous vous recommandons donc d'utiliser les mesures sp\u00e9cifiques \u00e0 l'appareil pour \u00e9viter tout abus (cryptage, blocage de l'utilisation, etc.). Veuillez consulter \u00e0 ce sujet les informations du fabricant de votre terminal. M\u00eame en cas de transmission du terminal, par exemple lors d'une vente, vous devriez utiliser les possibilit\u00e9s pour supprimer les donn\u00e9es personnelles de votre terminal.<\/p><h2>Int\u00e9gration de plug-ins de r\u00e9seaux sociaux<\/h2><h3>FACEBOOK<\/h3><p>Notre site Internet utilise des plugins sociaux (\u201cplugins\u201d) du r\u00e9seau social facebook.com, qui est exploit\u00e9 par Facebook Inc., 1601 S. California Ave, Palo Alto, CA 94304, USA (\u201cFacebook\u201d). Les plugins sont reconnaissables \u00e0 l'un des logos de Facebook (un \u201ef\u201c blanc sur un carreau bleu ou un signe \u201epouce lev\u00e9\u201c) ou sont signal\u00e9s par la mention \u201cFacebook Social Plugin\u201d. La liste et l'apparence des plugins sociaux Facebook peuvent \u00eatre consult\u00e9es ici : http:\/\/developers.facebook.com\/plugins.<\/p><p>Lorsque vous consultez une page web de notre site Internet qui contient un tel plugin, votre navigateur \u00e9tablit une connexion directe avec les serveurs de Facebook. Le contenu du plugin est transmis directement par Facebook \u00e0 votre navigateur et int\u00e9gr\u00e9 par celui-ci dans la page web. Nous n'avons donc aucune influence sur l'\u00e9tendue des donn\u00e9es que Facebook collecte \u00e0 l'aide de ce plugin et vous informons donc en fonction de l'\u00e9tat de nos connaissances :<\/p><p>En int\u00e9grant les plugins, Facebook re\u00e7oit l'information que vous avez consult\u00e9 la page correspondante de notre site Internet. Si vous \u00eates connect\u00e9 \u00e0 Facebook, Facebook peut attribuer la visite \u00e0 votre compte Facebook. Si vous interagissez avec les plugins, par exemple en cliquant sur le bouton \"J'aime\" ou en laissant un commentaire, les informations correspondantes sont transmises directement de votre navigateur \u00e0 Facebook et y sont enregistr\u00e9es. Si vous n'\u00eates pas membre de Facebook, il est tout de m\u00eame possible que Facebook d\u00e9couvre et enregistre votre adresse IP.<\/p><p>Pour conna\u00eetre l'objet et l'\u00e9tendue de la collecte de donn\u00e9es, le traitement ult\u00e9rieur et l'utilisation des donn\u00e9es par Facebook, ainsi que vos droits \u00e0 cet \u00e9gard et les possibilit\u00e9s de param\u00e9trage pour prot\u00e9ger votre vie priv\u00e9e, veuillez consulter la politique de confidentialit\u00e9 de Facebook : http:\/\/www.facebook.com\/policy.php.<\/p><p>Si vous \u00eates membre de Facebook et que vous ne souhaitez pas que Facebook collecte des donn\u00e9es vous concernant par le biais de notre site Internet et les relie \u00e0 vos donn\u00e9es de membre enregistr\u00e9es sur Facebook, vous devez vous d\u00e9connecter de Facebook avant de visiter notre site Internet.<\/p><p>Il est \u00e9galement possible de bloquer les plugins sociaux de Facebook avec des modules compl\u00e9mentaires pour votre navigateur, par exemple avec le \u201cFacebook Blocker\u201d.<\/p><h3>TWITTER<\/h3><p>Ce site utilise un plugin du r\u00e9seau social Twitter, qui est exploit\u00e9 par Twitter Inc, 795 Folsom Street, Suite 600 San Francisco, CA 94107, USA (\u201cTwitter\u201d). Le plugin est activ\u00e9 en cliquant sur le bouton \u201cTwitter\u201d.<br \/>Si ce bouton est actif, c'est-\u00e0-dire que le bouton Twitter original est visible \u00e0 la place du graphique de l'espace r\u00e9serv\u00e9, votre navigateur \u00e9tablit une connexion directe avec les serveurs de Twitter. Le contenu du plugin est transmis directement par Twitter \u00e0 votre navigateur et int\u00e9gr\u00e9 par celui-ci dans le site web. Par l'int\u00e9gration du plugin, Twitter re\u00e7oit l'information que vous avez consult\u00e9 la page web correspondante de notre site Internet. Si vous \u00eates connect\u00e9 \u00e0 Twitter \u00e0 ce moment-l\u00e0, Twitter peut attribuer la visite \u00e0 votre compte Twitter. Si vous interagissez avec le plugin en cliquant sur le bouton \u201cTwitter\u201d, l'information correspondante est transmise directement de votre navigateur \u00e0 Twitter et y est enregistr\u00e9e. Si vous n'\u00eates pas membre de Twitter ou si vous vous \u00eates d\u00e9connect\u00e9 de Twitter avant de visiter notre site Internet, il est n\u00e9anmoins possible que Twitter d\u00e9couvre et enregistre votre adresse IP. Vous trouverez de plus amples informations sur la collecte et l'utilisation des donn\u00e9es par Twitter, sur vos droits en la mati\u00e8re et sur les possibilit\u00e9s de protection de votre vie priv\u00e9e dans les informations sur la protection des donn\u00e9es de Twitter.<br \/>Si vous ne souhaitez pas que Twitter collecte des donn\u00e9es vous concernant par le biais de notre site Internet et les associe aux donn\u00e9es que vous avez enregistr\u00e9es sur Twitter, il vous suffit de ne pas activer le bouton correspondant.<\/p><h3>GOOGLE+<\/h3><p>Notre site Internet utilise des plugins sociaux du r\u00e9seau social en ligne plus.google.com (Google+), qui est exploit\u00e9 par Google Inc., 1600 Amphitheatre Parkway, Mountain View, California 94043, USA. Lorsque vous consultez une page web de notre site Internet qui contient un tel plugin, votre navigateur \u00e9tablit une connexion directe avec les serveurs de Google. Le contenu du plugin est transmis directement par Google \u00e0 votre navigateur, qui l'int\u00e8gre \u00e0 la page web.<br \/>En int\u00e9grant les plugins, Google+ re\u00e7oit l'information que vous avez consult\u00e9 la page correspondante de notre site Internet. Si vous \u00eates connect\u00e9 \u00e0 Google+, Google+ peut attribuer la visite \u00e0 votre compte Google+. Pour conna\u00eetre l'objet et l'\u00e9tendue de la collecte de donn\u00e9es, le traitement ult\u00e9rieur et l'utilisation des donn\u00e9es par Google+ ainsi que vos droits et possibilit\u00e9s de param\u00e9trage \u00e0 cet \u00e9gard pour prot\u00e9ger votre vie priv\u00e9e, veuillez consulter les informations relatives \u00e0 la protection des donn\u00e9es de Google+.<\/p><h3>YOUTUBE<\/h3><p>Notre site Internet int\u00e8gre des vid\u00e9os YouTube. Comme la plupart des sites web, YouTube utilise des cookies pour collecter des informations sur les spectateurs des vid\u00e9os. YouTube utilise des cookies notamment pour collecter des statistiques fiables sur les vid\u00e9os, pour \u00e9viter les fraudes et pour am\u00e9liorer la convivialit\u00e9.<\/p><p>Pour plus de d\u00e9tails sur l'utilisation des cookies par YouTube, veuillez consulter la d\u00e9claration de confidentialit\u00e9 de YouTube.<\/p><h3>\u00a0Participation au jeu-concours<\/h3><p>En participant \u00e0 l'un de nos jeux-concours, les participants acceptent que les donn\u00e9es personnelles indiqu\u00e9es dans le cadre du jeu-concours soient collect\u00e9es, stock\u00e9es et trait\u00e9es par SAGAFLOR SA uniquement pour la dur\u00e9e du jeu-concours (d\u00e9termination des gagnants, prise de contact et envoi des gains). Les donn\u00e9es seront ensuite effac\u00e9es. Le consentement peut \u00eatre r\u00e9voqu\u00e9 \u00e0 tout moment \u00e0 notre \u00e9gard avec effet pour l'avenir.<\/p><h2>Liens vers des sites web d'autres fournisseurs<\/h2><p>Notre site Internet peut contenir des liens vers des sites Internet d'autres fournisseurs. Nous attirons votre attention sur le fait que cette d\u00e9claration de protection des donn\u00e9es s'applique exclusivement \u00e0 ce site Internet. Nous n'avons aucune influence et ne contr\u00f4lons pas que les autres fournisseurs respectent les dispositions en vigueur en mati\u00e8re de protection des donn\u00e9es.<\/p><h2>Protection des mineurs<\/h2><p>Les enfants et les personnes de moins de 18 ans ne doivent pas nous transmettre de donn\u00e9es personnelles sans l'accord de leurs parents ou de leurs tuteurs. Nous ne demandons pas de donn\u00e9es personnelles aux enfants, ne les collectons pas et ne les transmettons pas \u00e0 des tiers.<\/p><h2>Droit d'acc\u00e8s et coordonn\u00e9es<\/h2><p>Vous disposez d'un droit d'acc\u00e8s aux donn\u00e9es personnelles vous concernant et d'un droit de rectification des donn\u00e9es inexactes, de blocage et de suppression.<\/p><p>Si vous avez des questions sur le traitement de vos donn\u00e9es personnelles, si vous souhaitez les corriger ou les supprimer, ou si vous avez d'autres questions sur l'utilisation des donn\u00e9es personnelles que vous nous avez confi\u00e9es, vous pouvez vous adresser directement \u00e0 notre responsable de la protection des donn\u00e9es, qui est \u00e9galement \u00e0 votre disposition pour toute demande d'information, requ\u00eate ou plainte :<\/p><p>Vous pouvez contacter notre responsable de la protection des donn\u00e9es en utilisant les coordonn\u00e9es figurant dans nos mentions l\u00e9gales.<\/p><h2>Int\u00e9gration, validit\u00e9 et actualit\u00e9 de la d\u00e9claration de confidentialit\u00e9<\/h2><p>En utilisant notre site web, vous consentez \u00e0 l'utilisation des donn\u00e9es d\u00e9crite pr\u00e9c\u00e9demment. La d\u00e9claration de protection des donn\u00e9es est actuellement en vigueur et date du 01.05.2016.<\/p><p>En raison du d\u00e9veloppement de notre site web ou de l'impl\u00e9mentation de nouvelles technologies, il peut s'av\u00e9rer n\u00e9cessaire de modifier la pr\u00e9sente d\u00e9claration de protection des donn\u00e9es. Nous nous r\u00e9servons le droit de modifier \u00e0 tout moment la d\u00e9claration de protection des donn\u00e9es avec effet pour l'avenir. Nous vous recommandons de relire de temps en temps la d\u00e9claration de confidentialit\u00e9 actuelle.<\/p><\/div>\n\t\t\t<\/div>\n\t\t<\/div>\n\t\t\t\t\t\t<\/div>\n\t\t\t\t<\/div>\n\t\t\t\t\t<\/div>\n\t\t\t\t<\/div>\n\t\t\t\t<\/div>","protected":false},"excerpt":{"rendered":"<p>Datenschutzerkl\u00e4rung Erhebung und Verarbeitung pers\u00f6nlicher Daten In der Regel k\u00f6nnen Sie unsere Seiten besuchen, ohne dass wir pers\u00f6nliche Daten von Ihnen ben\u00f6tigen. Pers\u00f6nliche Daten werden nur dann erhoben, wenn Sie&hellip;<\/p>","protected":false},"author":1,"featured_media":0,"parent":0,"menu_order":0,"comment_status":"closed","ping_status":"closed","template":"","meta":{"_lmt_disableupdate":"","_lmt_disable":"","footnotes":""},"class_list":["post-1770","page","type-page","status-publish","hentry"],"_links":{"self":[{"href":"https:\/\/schaefers-kg.com\/fr\/wp-json\/wp\/v2\/pages\/1770","targetHints":{"allow":["GET"]}}],"collection":[{"href":"https:\/\/schaefers-kg.com\/fr\/wp-json\/wp\/v2\/pages"}],"about":[{"href":"https:\/\/schaefers-kg.com\/fr\/wp-json\/wp\/v2\/types\/page"}],"author":[{"embeddable":true,"href":"https:\/\/schaefers-kg.com\/fr\/wp-json\/wp\/v2\/users\/1"}],"replies":[{"embeddable":true,"href":"https:\/\/schaefers-kg.com\/fr\/wp-json\/wp\/v2\/comments?post=1770"}],"version-history":[{"count":4,"href":"https:\/\/schaefers-kg.com\/fr\/wp-json\/wp\/v2\/pages\/1770\/revisions"}],"predecessor-version":[{"id":1774,"href":"https:\/\/schaefers-kg.com\/fr\/wp-json\/wp\/v2\/pages\/1770\/revisions\/1774"}],"wp:attachment":[{"href":"https:\/\/schaefers-kg.com\/fr\/wp-json\/wp\/v2\/media?parent=1770"}],"curies":[{"name":"wp","href":"https:\/\/api.w.org\/{rel}","templated":true}]}}