{"id":1765,"date":"2025-04-02T18:27:03","date_gmt":"2025-04-02T16:27:03","guid":{"rendered":"http:\/\/beta.schaefers-kg.com\/?page_id=1765"},"modified":"2025-04-02T18:27:47","modified_gmt":"2025-04-02T16:27:47","slug":"impressum","status":"publish","type":"page","link":"https:\/\/schaefers-kg.com\/fr\/impressum\/","title":{"rendered":"Mentions l\u00e9gales"},"content":{"rendered":"<div data-elementor-type=\"wp-page\" data-elementor-id=\"1765\" class=\"elementor elementor-1765\">\n\t\t\t\t<div class=\"elementor-element elementor-element-09cf89b e-flex e-con-boxed e-con e-parent\" data-id=\"09cf89b\" data-element_type=\"container\" data-e-type=\"container\">\n\t\t\t\t\t<div class=\"e-con-inner\">\n\t\t\t\t<div class=\"elementor-element elementor-element-218e86d elementor-widget elementor-widget-penci-fancy_heading\" data-id=\"218e86d\" data-element_type=\"widget\" data-e-type=\"widget\" data-widget_type=\"penci-fancy_heading.default\">\n\t\t\t\t<div class=\"elementor-widget-container\">\n\t\t\t\t\t\t\t<div class=\"penci-fancy-heading penci-heading-text-left\">\n\t\t\t<div class=\"penci-fancy-heading-inner\">\n\t\t\t\t<h2 class=\"penci-heading-title\"><span class=\"inner-tit\">Mentions l\u00e9gales<\/span><\/h2>\t\t\t<\/div>\n\t\t<\/div>\n\t\t\t\t\t\t<\/div>\n\t\t\t\t<\/div>\n\t\t\t\t\t<\/div>\n\t\t\t\t<\/div>\n\t\t<div class=\"elementor-element elementor-element-bf0d0cb e-flex e-con-boxed e-con e-parent\" data-id=\"bf0d0cb\" data-element_type=\"container\" data-e-type=\"container\">\n\t\t\t\t\t<div class=\"e-con-inner\">\n\t\t\t\t<div class=\"elementor-element elementor-element-61257f0 elementor-widget elementor-widget-penci-text-block\" data-id=\"61257f0\" data-element_type=\"widget\" data-e-type=\"widget\" data-widget_type=\"penci-text-block.default\">\n\t\t\t\t<div class=\"elementor-widget-container\">\n\t\t\t\t\t\t\t<div class=\"penci-block-vc penci-text-editor\">\n\t\t\t\t\t\t<div class=\"penci-block_content\">\n\t\t\t\t<div class=\"elementor-text-editor elementor-clearfix\"><p class=\"style3\"><span class=\"style5\"><strong>Sch\u00e4fers Sicht &amp; Blisterpack GmbH &amp; Co. KG<br \/><\/strong>Au moulin \u00e0 huile 11<br \/>47638 Straelen<br \/>T\u00e9l. (02834) 93 94 0<br \/>T\u00e9l\u00e9copieur. (02834) 93 94 93<br \/><span id=\"cloake1b0a092c104b135d82bc0b33ca7f7b0\"><a href=\"mailto:sales@schaefers-kg.de\">sales@schaefers-kg.de<\/a><\/span><\/span><br \/><span class=\"style7\"><a href=\"https:\/\/web.archive.org\/web\/20240812081521\/https:\/\/www.facebook.com\/SchaefersSichtverpackungen\" target=\"_blank\" rel=\"noopener noreferrer\">www.schaefers-kg.de<\/a><br \/><br \/><\/span><span class=\"style5\">Num\u00e9ro de TVA intracommunautaire DE812 667 970<br \/>Registre du commerce KLEVE HRA Nr. 1595<br \/>Directeur g\u00e9n\u00e9ral : Wolfgang Sch\u00e4fers<br \/><br \/>Soci\u00e9t\u00e9 \u00e0 responsabilit\u00e9 personnelle. soci\u00e9t\u00e9 :<br \/>Sch\u00e4fers Sicht &amp; Blisterpack<br \/>Soci\u00e9t\u00e9 de gestion mbH<br \/>Registre du commerce de Kleve HRB n\u00b0 4364 <br \/><br \/>Le responsable au sens de l'art. 18 al. 2 MStV est <br \/><\/span><span class=\"style5\">Wolfgang Sch\u00e4fers, <br \/>c\/o Sch\u00e4fers Sicht &amp; Blisterpack GmbH &amp; Co. KG<strong><br \/><\/strong>Au moulin \u00e0 huile 11<br \/>47638 Straelen<\/span><\/p><p class=\"style3\"><span class=\"style7\"><strong>Personne \u00e0 contacter : Wolfgang Sch\u00e4fers<br \/><\/strong><\/span><br \/><span class=\"style7\"><span class=\"style8\"><strong>DISCLAIMER<\/strong><br \/>Par son jugement du 12 mai 1998 - 312 O 85\/98 - \u201eResponsabilit\u00e9 pour les liens\u201c, le tribunal de grande instance (LG) de Hambourg a d\u00e9cid\u00e9 que la mise en place d'un lien entra\u00eene, le cas \u00e9ch\u00e9ant, une co-responsabilit\u00e9 pour les contenus des pages reli\u00e9es. Selon le tribunal, cela ne peut \u00eatre \u00e9vit\u00e9 que si l'on se distancie express\u00e9ment de ces contenus. Par la pr\u00e9sente, nous prenons express\u00e9ment nos distances par rapport aux pages li\u00e9es\u201c.\u201c<br \/><br \/>Cr\u00e9dits photographiques : <a href=\"https:\/\/web.archive.org\/web\/20240812081521\/https:\/\/www.shutterstock.com,\/\">www.shutterstock.com,<\/a>\u00a0www.fotosearch.com<\/span><\/span><\/p><\/div>\n\t\t\t<\/div>\n\t\t<\/div>\n\t\t\t\t\t\t<\/div>\n\t\t\t\t<\/div>\n\t\t\t\t\t<\/div>\n\t\t\t\t<\/div>\n\t\t\t\t<\/div>","protected":false},"excerpt":{"rendered":"<p>Impressum Sch\u00e4fers Sicht &amp; Blisterpack GmbH &amp; Co. KGAn der Oelm\u00fchle 1147638 StraelenTel. (02834) 93 94 0Fax. (02834) 93 94 93sales@schaefers-kg.dewww.schaefers-kg.de Ust-IDNr. DE812 667 970Handelsregister KLEVE HRA Nr. 1595Gesch\u00e4ftsf\u00fchrer: Wolfgang&hellip;<\/p>","protected":false},"author":1,"featured_media":0,"parent":0,"menu_order":0,"comment_status":"closed","ping_status":"closed","template":"","meta":{"_lmt_disableupdate":"","_lmt_disable":"","footnotes":""},"class_list":["post-1765","page","type-page","status-publish","hentry"],"_links":{"self":[{"href":"https:\/\/schaefers-kg.com\/fr\/wp-json\/wp\/v2\/pages\/1765","targetHints":{"allow":["GET"]}}],"collection":[{"href":"https:\/\/schaefers-kg.com\/fr\/wp-json\/wp\/v2\/pages"}],"about":[{"href":"https:\/\/schaefers-kg.com\/fr\/wp-json\/wp\/v2\/types\/page"}],"author":[{"embeddable":true,"href":"https:\/\/schaefers-kg.com\/fr\/wp-json\/wp\/v2\/users\/1"}],"replies":[{"embeddable":true,"href":"https:\/\/schaefers-kg.com\/fr\/wp-json\/wp\/v2\/comments?post=1765"}],"version-history":[{"count":4,"href":"https:\/\/schaefers-kg.com\/fr\/wp-json\/wp\/v2\/pages\/1765\/revisions"}],"predecessor-version":[{"id":1769,"href":"https:\/\/schaefers-kg.com\/fr\/wp-json\/wp\/v2\/pages\/1765\/revisions\/1769"}],"wp:attachment":[{"href":"https:\/\/schaefers-kg.com\/fr\/wp-json\/wp\/v2\/media?parent=1765"}],"curies":[{"name":"wp","href":"https:\/\/api.w.org\/{rel}","templated":true}]}}