{"id":1755,"date":"2025-04-02T17:25:32","date_gmt":"2025-04-02T15:25:32","guid":{"rendered":"http:\/\/beta.schaefers-kg.com\/?page_id=1755"},"modified":"2025-04-02T17:26:47","modified_gmt":"2025-04-02T15:26:47","slug":"digital-druck","status":"publish","type":"page","link":"https:\/\/schaefers-kg.com\/fr\/digital-druck\/","title":{"rendered":"Digital-Druck"},"content":{"rendered":"<div data-elementor-type=\"wp-page\" data-elementor-id=\"1755\" class=\"elementor elementor-1755\">\n\t\t\t\t<div class=\"elementor-element elementor-element-09cf89b e-flex e-con-boxed e-con e-parent\" data-id=\"09cf89b\" data-element_type=\"container\" data-e-type=\"container\">\n\t\t\t\t\t<div class=\"e-con-inner\">\n\t\t\t\t<div class=\"elementor-element elementor-element-218e86d elementor-widget elementor-widget-penci-fancy_heading\" data-id=\"218e86d\" data-element_type=\"widget\" data-e-type=\"widget\" data-widget_type=\"penci-fancy_heading.default\">\n\t\t\t\t<div class=\"elementor-widget-container\">\n\t\t\t\t\t\t\t<div class=\"penci-fancy-heading penci-heading-text-left\">\n\t\t\t<div class=\"penci-fancy-heading-inner\">\n\t\t\t\t<h2 class=\"penci-heading-title\"><span class=\"inner-tit\">Digital-Druck<\/span><\/h2><div class=\"penci-heading-content entry-content\"><p>Der 4c-Euroskalen Digital-Druck ist die kosteng\u00fcnstige Alternative zu einem auwendigeren Maschinenandruck. Mittels der Digital-Drucktechnik lassen sich Fotos und Motive in h\u00f6chster Druckqualit\u00e4t pr\u00e4sentieren. Dieses Druckverfahren kommt u.a. f\u00fcr Bemusterungen, aber auch f\u00fcr die Herstellung von Kleinserien bedruckter Klarsicht-Verpackungen, zum Einsatz. Der Digital-Druck ist eine sehr kosteng\u00fcnstige L\u00f6sung, um intern Marketing und Verkauf sowie extern dem Kunden fertige produktionsreife Prototypen vorzustellen.<\/p>\n<p>Der Digital-Druck geh\u00f6rt nun zum Gesamtpaket Veredlung von \u201esch\u00e4fers - the next level\u201c<\/p>\n<\/div>\t\t\t<\/div>\n\t\t<\/div>\n\t\t\t\t\t\t<\/div>\n\t\t\t\t<\/div>\n\t\t\t\t\t<\/div>\n\t\t\t\t<\/div>\n\t\t\t\t<\/div>","protected":false},"excerpt":{"rendered":"<p>Digital-Druck Der 4c-Euroskalen Digital-Druck ist die kosteng\u00fcnstige Alternative zu einem auwendigeren Maschinenandruck. Mittels der Digital-Drucktechnik lassen sich Fotos und Motive in h\u00f6chster Druckqualit\u00e4t pr\u00e4sentieren. Dieses Druckverfahren kommt u.a. f\u00fcr Bemusterungen,&hellip;<\/p>","protected":false},"author":1,"featured_media":0,"parent":0,"menu_order":0,"comment_status":"closed","ping_status":"closed","template":"","meta":{"_lmt_disableupdate":"","_lmt_disable":"","footnotes":""},"class_list":["post-1755","page","type-page","status-publish","hentry"],"_links":{"self":[{"href":"https:\/\/schaefers-kg.com\/fr\/wp-json\/wp\/v2\/pages\/1755","targetHints":{"allow":["GET"]}}],"collection":[{"href":"https:\/\/schaefers-kg.com\/fr\/wp-json\/wp\/v2\/pages"}],"about":[{"href":"https:\/\/schaefers-kg.com\/fr\/wp-json\/wp\/v2\/types\/page"}],"author":[{"embeddable":true,"href":"https:\/\/schaefers-kg.com\/fr\/wp-json\/wp\/v2\/users\/1"}],"replies":[{"embeddable":true,"href":"https:\/\/schaefers-kg.com\/fr\/wp-json\/wp\/v2\/comments?post=1755"}],"version-history":[{"count":4,"href":"https:\/\/schaefers-kg.com\/fr\/wp-json\/wp\/v2\/pages\/1755\/revisions"}],"predecessor-version":[{"id":1759,"href":"https:\/\/schaefers-kg.com\/fr\/wp-json\/wp\/v2\/pages\/1755\/revisions\/1759"}],"wp:attachment":[{"href":"https:\/\/schaefers-kg.com\/fr\/wp-json\/wp\/v2\/media?parent=1755"}],"curies":[{"name":"wp","href":"https:\/\/api.w.org\/{rel}","templated":true}]}}