{"id":1701,"date":"2025-04-02T16:41:06","date_gmt":"2025-04-02T14:41:06","guid":{"rendered":"http:\/\/beta.schaefers-kg.com\/?page_id=1701"},"modified":"2025-04-02T16:49:48","modified_gmt":"2025-04-02T14:49:48","slug":"rpet-g-95","status":"publish","type":"page","link":"https:\/\/schaefers-kg.com\/fr\/rpet-g-95\/","title":{"rendered":"RPET (G) 95%"},"content":{"rendered":"<div data-elementor-type=\"wp-page\" data-elementor-id=\"1701\" class=\"elementor elementor-1701\">\n\t\t\t\t<div class=\"elementor-element elementor-element-09cf89b e-flex e-con-boxed e-con e-parent\" data-id=\"09cf89b\" data-element_type=\"container\" data-e-type=\"container\">\n\t\t\t\t\t<div class=\"e-con-inner\">\n\t\t\t\t<div class=\"elementor-element elementor-element-218e86d elementor-widget elementor-widget-penci-fancy_heading\" data-id=\"218e86d\" data-element_type=\"widget\" data-e-type=\"widget\" data-widget_type=\"penci-fancy_heading.default\">\n\t\t\t\t<div class=\"elementor-widget-container\">\n\t\t\t\t\t\t\t<div class=\"penci-fancy-heading penci-heading-text-left\">\n\t\t\t<div class=\"penci-fancy-heading-inner\">\n\t\t\t\t<h2 class=\"penci-heading-title\"><span class=\"inner-tit\">RPET (G) 95%<\/span><\/h2><div class=\"penci-heading-content entry-content\"><p>Le RPET (G) est un film PET G de couleur bleue, issu de pr\u00e8s de 95% de mat\u00e9riaux industriels r\u00e9siduels utilis\u00e9s dans le secteur m\u00e9dical. La l\u00e9g\u00e8re teinte bleue du mat\u00e9riau donne une impression de st\u00e9rilit\u00e9 et d'hygi\u00e8ne. Ce type de film a une couche ext\u00e9rieure en PET G vierge sur les deux faces et convient pour le contact direct avec les aliments.<\/p>\n<\/div>\t\t\t<\/div>\n\t\t<\/div>\n\t\t\t\t\t\t<\/div>\n\t\t\t\t<\/div>\n\t\t\t\t\t<\/div>\n\t\t\t\t<\/div>\n\t\t<div class=\"elementor-element elementor-element-bf0d0cb e-flex e-con-boxed e-con e-parent\" data-id=\"bf0d0cb\" data-element_type=\"container\" data-e-type=\"container\">\n\t\t\t\t\t<div class=\"e-con-inner\">\n\t\t\t\t<div class=\"elementor-element elementor-element-61257f0 elementor-widget elementor-widget-penci-text-block\" data-id=\"61257f0\" data-element_type=\"widget\" data-e-type=\"widget\" data-widget_type=\"penci-text-block.default\">\n\t\t\t\t<div class=\"elementor-widget-container\">\n\t\t\t\t\t\t\t<div class=\"penci-block-vc penci-text-editor\">\n\t\t\t\t\t\t<div class=\"penci-block_content\">\n\t\t\t\t<div class=\"elementor-text-editor elementor-clearfix\"><p>- 95% Taux de recyclats de mat\u00e9riaux r\u00e9siduels de la technologie m\u00e9dicale<br \/>- grande transparence<\/p><\/div>\n\t\t\t<\/div>\n\t\t<\/div>\n\t\t\t\t\t\t<\/div>\n\t\t\t\t<\/div>\n\t\t\t\t\t<\/div>\n\t\t\t\t<\/div>\n\t\t\t\t<\/div>","protected":false},"excerpt":{"rendered":"<p>RPET (G) 95% RPET (G) ist eine blaustichige PET G Folie, die aus nahezu 95% industriellen Restmaterialien der Medizintechnik stammen. Der leichte Blauton des Materials wirkt steril und hygienisch. Dieser&hellip;<\/p>","protected":false},"author":1,"featured_media":0,"parent":0,"menu_order":0,"comment_status":"closed","ping_status":"closed","template":"","meta":{"_lmt_disableupdate":"","_lmt_disable":"","footnotes":""},"class_list":["post-1701","page","type-page","status-publish","hentry"],"_links":{"self":[{"href":"https:\/\/schaefers-kg.com\/fr\/wp-json\/wp\/v2\/pages\/1701","targetHints":{"allow":["GET"]}}],"collection":[{"href":"https:\/\/schaefers-kg.com\/fr\/wp-json\/wp\/v2\/pages"}],"about":[{"href":"https:\/\/schaefers-kg.com\/fr\/wp-json\/wp\/v2\/types\/page"}],"author":[{"embeddable":true,"href":"https:\/\/schaefers-kg.com\/fr\/wp-json\/wp\/v2\/users\/1"}],"replies":[{"embeddable":true,"href":"https:\/\/schaefers-kg.com\/fr\/wp-json\/wp\/v2\/comments?post=1701"}],"version-history":[{"count":4,"href":"https:\/\/schaefers-kg.com\/fr\/wp-json\/wp\/v2\/pages\/1701\/revisions"}],"predecessor-version":[{"id":1705,"href":"https:\/\/schaefers-kg.com\/fr\/wp-json\/wp\/v2\/pages\/1701\/revisions\/1705"}],"wp:attachment":[{"href":"https:\/\/schaefers-kg.com\/fr\/wp-json\/wp\/v2\/media?parent=1701"}],"curies":[{"name":"wp","href":"https:\/\/api.w.org\/{rel}","templated":true}]}}