{"id":1631,"date":"2025-04-02T15:37:43","date_gmt":"2025-04-02T13:37:43","guid":{"rendered":"http:\/\/beta.schaefers-kg.com\/?page_id=1631"},"modified":"2025-04-03T11:22:47","modified_gmt":"2025-04-03T09:22:47","slug":"klarsichtdeckelschachteln","status":"publish","type":"page","link":"https:\/\/schaefers-kg.com\/fr\/klarsichtdeckelschachteln\/","title":{"rendered":"Klarsichtdeckelschachteln"},"content":{"rendered":"<div data-elementor-type=\"wp-page\" data-elementor-id=\"1631\" class=\"elementor elementor-1631\">\n\t\t\t\t<div class=\"elementor-element elementor-element-09cf89b e-flex e-con-boxed e-con e-parent\" data-id=\"09cf89b\" data-element_type=\"container\" data-e-type=\"container\">\n\t\t\t\t\t<div class=\"e-con-inner\">\n\t\t\t\t<div class=\"elementor-element elementor-element-218e86d elementor-widget elementor-widget-penci-fancy_heading\" data-id=\"218e86d\" data-element_type=\"widget\" data-e-type=\"widget\" data-widget_type=\"penci-fancy_heading.default\">\n\t\t\t\t<div class=\"elementor-widget-container\">\n\t\t\t\t\t\t\t<div class=\"penci-fancy-heading penci-heading-text-left\">\n\t\t\t<div class=\"penci-fancy-heading-inner\">\n\t\t\t\t<h2 class=\"penci-heading-title\"><span class=\"inner-tit\">Klarsichtdeckelschachteln<\/span><\/h2><div class=\"penci-heading-content entry-content\"><p>Die Klarsichtdeckelschachteln bieten wir als ultraschall-verschwei\u00dfte und geklebte Version an. Der aufgerichtete Klarsichtdeckel kann einfach und schnell \u00fcber ein Unterteil aus Kunststoff, Karton oder Tiefziehteil gest\u00fclpt werden.<\/p>\n<\/div>\t\t\t<\/div>\n\t\t<\/div>\n\t\t\t\t\t\t<\/div>\n\t\t\t\t<\/div>\n\t\t\t\t\t<\/div>\n\t\t\t\t<\/div>\n\t\t<div class=\"elementor-element elementor-element-bf0d0cb e-flex e-con-boxed e-con e-parent\" data-id=\"bf0d0cb\" data-element_type=\"container\" data-e-type=\"container\">\n\t\t\t\t\t<div class=\"e-con-inner\">\n\t\t\t\t<div class=\"elementor-element elementor-element-61257f0 elementor-widget elementor-widget-penci-text-block\" data-id=\"61257f0\" data-element_type=\"widget\" data-e-type=\"widget\" data-widget_type=\"penci-text-block.default\">\n\t\t\t\t<div class=\"elementor-widget-container\">\n\t\t\t\t\t\t\t<div class=\"penci-block-vc penci-text-editor\">\n\t\t\t\t\t\t<div class=\"penci-block_content\">\n\t\t\t\t<div class=\"elementor-text-editor elementor-clearfix\"><p>\u2022 attraktive Pr\u00e4sentation und perfekter Schutz f\u00fcr Ihr Produkt<br \/>\u2022 ultraschall-verschwei\u00dft oder geklebt<br \/>\u2022 vielseitig und preisg\u00fcnstig<br \/><br \/>\u00e9paisseur du film PET &amp; PVC de 200 \u00e0 300 \u00b5<\/p><\/div>\n\t\t\t<\/div>\n\t\t<\/div>\n\t\t\t\t\t\t<\/div>\n\t\t\t\t<\/div>\n\t\t\t\t\t<\/div>\n\t\t\t\t<\/div>\n\t\t<div class=\"elementor-element elementor-element-8a15342 e-flex e-con-boxed e-con e-parent\" data-id=\"8a15342\" data-element_type=\"container\" data-e-type=\"container\">\n\t\t\t\t\t<div class=\"e-con-inner\">\n\t\t\t\t<div class=\"elementor-element elementor-element-695ba7a elementor-widget elementor-widget-penci-image-gallery\" data-id=\"695ba7a\" data-element_type=\"widget\" data-e-type=\"widget\" data-widget_type=\"penci-image-gallery.default\">\n\t\t\t\t<div class=\"elementor-widget-container\">\n\t\t\t\t\t        <div data-sliderid=\"45636\" id=\"penci-image_gallery_45636\"\n             class=\"penci-block-vc penci-image-gallery penci-image-gallery-s1 pencisc-grid-3 pencisc-grid-tablet-2 pencisc-grid-mobile-1 penci-image-not-caption\">\n\t\t\t            <div class=\"penci-block_content  pencisc-grid\">\n\t\t\t\t                <div class=\"penci-gallery-item penci-galitem-1\">\n                    <a  data-bgset=\"https:\/\/schaefers-kg.com\/wp-content\/uploads\/2025\/04\/LoD_0153_b-768x768.jpg\" class=\"penci-lazy penci-gallery-ite penci-image-holder penci-image-vertical\"\n                       href=\"https:\/\/schaefers-kg.com\/wp-content\/uploads\/2025\/04\/LoD_0153_b-1170x1169.jpg\" >\n\t\t\t\t\t\t                                                <i class=\"penciicon-expand\"><\/i>\n                    <\/a>\n                <\/div>\n\t\t\t\t                <div class=\"penci-gallery-item penci-galitem-2\">\n                    <a  data-bgset=\"https:\/\/schaefers-kg.com\/wp-content\/uploads\/2025\/04\/LoD_0331_1-768x768.jpg\" class=\"penci-lazy penci-gallery-ite penci-image-holder penci-image-vertical\"\n                       href=\"https:\/\/schaefers-kg.com\/wp-content\/uploads\/2025\/04\/LoD_0331_1-1170x1169.jpg\" >\n\t\t\t\t\t\t                                                <i class=\"penciicon-expand\"><\/i>\n                    <\/a>\n                <\/div>\n\t\t\t\t                <div class=\"penci-gallery-item penci-galitem-3\">\n                    <a  data-bgset=\"https:\/\/schaefers-kg.com\/wp-content\/uploads\/2025\/04\/LoD_0335-768x768.jpg\" class=\"penci-lazy penci-gallery-ite penci-image-holder penci-image-vertical\"\n                       href=\"https:\/\/schaefers-kg.com\/wp-content\/uploads\/2025\/04\/LoD_0335-1170x1169.jpg\" >\n\t\t\t\t\t\t                                                <i class=\"penciicon-expand\"><\/i>\n                    <\/a>\n                <\/div>\n\t\t\t\t            <\/div>\n        <\/div>\n\t\t\t\t\t\t<\/div>\n\t\t\t\t<\/div>\n\t\t\t\t\t<\/div>\n\t\t\t\t<\/div>\n\t\t<div class=\"elementor-element elementor-element-6db972b e-grid e-con-boxed e-con e-parent\" data-id=\"6db972b\" data-element_type=\"container\" data-e-type=\"container\">\n\t\t\t\t\t<div class=\"e-con-inner\">\n\t\t\t\t<div class=\"elementor-element elementor-element-fc06bcb elementor-widget elementor-widget-penci-text-block\" data-id=\"fc06bcb\" data-element_type=\"widget\" data-e-type=\"widget\" data-widget_type=\"penci-text-block.default\">\n\t\t\t\t<div class=\"elementor-widget-container\">\n\t\t\t\t\t\t\t<div class=\"penci-block-vc penci-text-editor\">\n\t\t\t        <div class=\"penci-border-arrow penci-homepage-title penci-home-latest-posts style-1 pcalign-center pciconp-right pcicon-right block-title-icon-left\">\n            <h3 class=\"inner-arrow\">\n                <span>\n                    <span>FONCTION \/ TECHNIQUE<\/a>                <\/span>\n            <\/h3>\n\t\t\t        <\/div>\n\t\t\t\t\t<div class=\"penci-block_content\">\n\t\t\t\t<div class=\"elementor-text-editor elementor-clearfix\"><ul class=\"check\"><li>sehr geringe Werkzeugkosten<\/li><li>Deckel mit Fingerhole<\/li><\/ul><\/div>\n\t\t\t<\/div>\n\t\t<\/div>\n\t\t\t\t\t\t<\/div>\n\t\t\t\t<\/div>\n\t\t\t\t<div class=\"elementor-element elementor-element-2d2612c elementor-widget elementor-widget-penci-text-block\" data-id=\"2d2612c\" data-element_type=\"widget\" data-e-type=\"widget\" data-widget_type=\"penci-text-block.default\">\n\t\t\t\t<div class=\"elementor-widget-container\">\n\t\t\t\t\t\t\t<div class=\"penci-block-vc penci-text-editor\">\n\t\t\t        <div class=\"penci-border-arrow penci-homepage-title penci-home-latest-posts style-1 pcalign-center pciconp-right pcicon-right block-title-icon-left\">\n            <h3 class=\"inner-arrow\">\n                <span>\n                    <span>VARIATIONS<\/a>                <\/span>\n            <\/h3>\n\t\t\t        <\/div>\n\t\t\t\t\t<div class=\"penci-block_content\">\n\t\t\t\t<div class=\"elementor-text-editor elementor-clearfix\"><ul class=\"check\"><li>diversit\u00e9 des mat\u00e9riaux durables et s\u00e9parables<\/li><li>Materialkombination Folie \/ Karton<\/li><\/ul><\/div>\n\t\t\t<\/div>\n\t\t<\/div>\n\t\t\t\t\t\t<\/div>\n\t\t\t\t<\/div>\n\t\t\t\t\t<\/div>\n\t\t\t\t<\/div>\n\t\t\t\t<\/div>","protected":false},"excerpt":{"rendered":"<p>Klarsichtdeckelschachteln Die Klarsichtdeckelschachteln bieten wir als ultraschall-verschwei\u00dfte und geklebte Version an. Der aufgerichtete Klarsichtdeckel kann einfach und schnell \u00fcber ein Unterteil aus Kunststoff, Karton oder Tiefziehteil gest\u00fclpt werden. \u2022 attraktive&hellip;<\/p>","protected":false},"author":1,"featured_media":0,"parent":0,"menu_order":0,"comment_status":"closed","ping_status":"closed","template":"","meta":{"_lmt_disableupdate":"","_lmt_disable":"","footnotes":""},"class_list":["post-1631","page","type-page","status-publish","hentry"],"_links":{"self":[{"href":"https:\/\/schaefers-kg.com\/fr\/wp-json\/wp\/v2\/pages\/1631","targetHints":{"allow":["GET"]}}],"collection":[{"href":"https:\/\/schaefers-kg.com\/fr\/wp-json\/wp\/v2\/pages"}],"about":[{"href":"https:\/\/schaefers-kg.com\/fr\/wp-json\/wp\/v2\/types\/page"}],"author":[{"embeddable":true,"href":"https:\/\/schaefers-kg.com\/fr\/wp-json\/wp\/v2\/users\/1"}],"replies":[{"embeddable":true,"href":"https:\/\/schaefers-kg.com\/fr\/wp-json\/wp\/v2\/comments?post=1631"}],"version-history":[{"count":7,"href":"https:\/\/schaefers-kg.com\/fr\/wp-json\/wp\/v2\/pages\/1631\/revisions"}],"predecessor-version":[{"id":1793,"href":"https:\/\/schaefers-kg.com\/fr\/wp-json\/wp\/v2\/pages\/1631\/revisions\/1793"}],"wp:attachment":[{"href":"https:\/\/schaefers-kg.com\/fr\/wp-json\/wp\/v2\/media?parent=1631"}],"curies":[{"name":"wp","href":"https:\/\/api.w.org\/{rel}","templated":true}]}}