{"id":1513,"date":"2025-03-28T10:07:23","date_gmt":"2025-03-28T09:07:23","guid":{"rendered":"http:\/\/beta.schaefers-kg.com\/?page_id=1513"},"modified":"2025-04-02T15:34:24","modified_gmt":"2025-04-02T13:34:24","slug":"klarsichtfaltschachteln","status":"publish","type":"page","link":"https:\/\/schaefers-kg.com\/fr\/klarsichtfaltschachteln\/","title":{"rendered":"Klarsichtfaltschachteln"},"content":{"rendered":"<div data-elementor-type=\"wp-page\" data-elementor-id=\"1513\" class=\"elementor elementor-1513\">\n\t\t\t\t<div class=\"elementor-element elementor-element-09cf89b e-flex e-con-boxed e-con e-parent\" data-id=\"09cf89b\" data-element_type=\"container\" data-e-type=\"container\">\n\t\t\t\t\t<div class=\"e-con-inner\">\n\t\t\t\t<div class=\"elementor-element elementor-element-218e86d elementor-widget elementor-widget-penci-fancy_heading\" data-id=\"218e86d\" data-element_type=\"widget\" data-e-type=\"widget\" data-widget_type=\"penci-fancy_heading.default\">\n\t\t\t\t<div class=\"elementor-widget-container\">\n\t\t\t\t\t\t\t<div class=\"penci-fancy-heading penci-heading-text-left\">\n\t\t\t<div class=\"penci-fancy-heading-inner\">\n\t\t\t\t<h2 class=\"penci-heading-title\"><span class=\"inner-tit\">Klarsichtfaltschachteln<\/span><\/h2><div class=\"penci-heading-content entry-content\"><p>Die Klarsichtfaltschachteln sind durch ihre Vielseitigkeit das Non-Plus-Ultra. Durch den Einsatz unterschiedlichster Ausf\u00fchrungen, Formen und Materialien bis hin zur veredelten Verpackung sind sie eine hochwertige Produktpr\u00e4sentation.<\/p>\n<\/div>\t\t\t<\/div>\n\t\t<\/div>\n\t\t\t\t\t\t<\/div>\n\t\t\t\t<\/div>\n\t\t\t\t\t<\/div>\n\t\t\t\t<\/div>\n\t\t<div class=\"elementor-element elementor-element-bf0d0cb e-flex e-con-boxed e-con e-parent\" data-id=\"bf0d0cb\" data-element_type=\"container\" data-e-type=\"container\">\n\t\t\t\t\t<div class=\"e-con-inner\">\n\t\t\t\t<div class=\"elementor-element elementor-element-61257f0 elementor-widget elementor-widget-penci-text-block\" data-id=\"61257f0\" data-element_type=\"widget\" data-e-type=\"widget\" data-widget_type=\"penci-text-block.default\">\n\t\t\t\t<div class=\"elementor-widget-container\">\n\t\t\t\t\t\t\t<div class=\"penci-block-vc penci-text-editor\">\n\t\t\t\t\t\t<div class=\"penci-block_content\">\n\t\t\t\t<div class=\"elementor-text-editor elementor-clearfix\"><p>\u2022 unsere \u201eVielseitigen\u201c eignen sich f\u00fcr fast jedes Produkt<br \/>\u2022 mit voller \u201eKlarsicht\u201c auf das Produkt<br \/>\u2022 individuelle und trendige Verpackungsl\u00f6sungen<\/p><p>Folienst\u00e4rke PET &amp; PVC von 200 bis 500 \u00b5, PP von 270 bis 800 \u00b5<\/p><\/div>\n\t\t\t<\/div>\n\t\t<\/div>\n\t\t\t\t\t\t<\/div>\n\t\t\t\t<\/div>\n\t\t\t\t\t<\/div>\n\t\t\t\t<\/div>\n\t\t<div class=\"elementor-element elementor-element-8a15342 e-flex e-con-boxed e-con e-parent\" data-id=\"8a15342\" data-element_type=\"container\" data-e-type=\"container\">\n\t\t\t\t\t<div class=\"e-con-inner\">\n\t\t\t\t<div class=\"elementor-element elementor-element-695ba7a elementor-widget elementor-widget-penci-image-gallery\" data-id=\"695ba7a\" data-element_type=\"widget\" data-e-type=\"widget\" data-widget_type=\"penci-image-gallery.default\">\n\t\t\t\t<div class=\"elementor-widget-container\">\n\t\t\t\t\t        <div data-sliderid=\"39941\" id=\"penci-image_gallery_39941\"\n             class=\"penci-block-vc penci-image-gallery penci-image-gallery-s1 pencisc-grid-3 pencisc-grid-tablet-2 pencisc-grid-mobile-1 penci-image-not-caption\">\n\t\t\t            <div class=\"penci-block_content  pencisc-grid\">\n\t\t\t\t                <div class=\"penci-gallery-item penci-galitem-1\">\n                    <a  data-bgset=\"https:\/\/schaefers-kg.com\/wp-content\/uploads\/2025\/03\/LoD_0188-768x768.jpg\" class=\"penci-lazy penci-gallery-ite penci-image-holder penci-image-vertical\"\n                       href=\"https:\/\/schaefers-kg.com\/wp-content\/uploads\/2025\/03\/LoD_0188-1170x1170.jpg\" >\n\t\t\t\t\t\t                                                <i class=\"penciicon-expand\"><\/i>\n                    <\/a>\n                <\/div>\n\t\t\t\t                <div class=\"penci-gallery-item penci-galitem-2\">\n                    <a  data-bgset=\"https:\/\/schaefers-kg.com\/wp-content\/uploads\/2017\/06\/faltschachtel-2-1000px-768x767.jpg\" class=\"penci-lazy penci-gallery-ite penci-image-holder penci-image-vertical\"\n                       href=\"https:\/\/schaefers-kg.com\/wp-content\/uploads\/2017\/06\/faltschachtel-2-1000px.jpg\" >\n\t\t\t\t\t\t                                                <i class=\"penciicon-expand\"><\/i>\n                    <\/a>\n                <\/div>\n\t\t\t\t                <div class=\"penci-gallery-item penci-galitem-3\">\n                    <a  data-bgset=\"https:\/\/schaefers-kg.com\/wp-content\/uploads\/2017\/06\/faltschachtel-3-1000px-768x767.jpg\" class=\"penci-lazy penci-gallery-ite penci-image-holder penci-image-vertical\"\n                       href=\"https:\/\/schaefers-kg.com\/wp-content\/uploads\/2017\/06\/faltschachtel-3-1000px.jpg\" >\n\t\t\t\t\t\t                                                <i class=\"penciicon-expand\"><\/i>\n                    <\/a>\n                <\/div>\n\t\t\t\t            <\/div>\n        <\/div>\n\t\t\t\t\t\t<\/div>\n\t\t\t\t<\/div>\n\t\t\t\t\t<\/div>\n\t\t\t\t<\/div>\n\t\t<div class=\"elementor-element elementor-element-20abfb7 e-grid e-con-boxed e-con e-parent\" data-id=\"20abfb7\" data-element_type=\"container\" data-e-type=\"container\">\n\t\t\t\t\t<div class=\"e-con-inner\">\n\t\t\t\t<div class=\"elementor-element elementor-element-716e0bb elementor-widget elementor-widget-penci-text-block\" data-id=\"716e0bb\" data-element_type=\"widget\" data-e-type=\"widget\" data-widget_type=\"penci-text-block.default\">\n\t\t\t\t<div class=\"elementor-widget-container\">\n\t\t\t\t\t\t\t<div class=\"penci-block-vc penci-text-editor\">\n\t\t\t        <div class=\"penci-border-arrow penci-homepage-title penci-home-latest-posts style-1 pcalign-center pciconp-right pcicon-right block-title-icon-left\">\n            <h3 class=\"inner-arrow\">\n                <span>\n                    <span>FONCTION \/ TECHNIQUE<\/a>                <\/span>\n            <\/h3>\n\t\t\t        <\/div>\n\t\t\t\t\t<div class=\"penci-block_content\">\n\t\t\t\t<div class=\"elementor-text-editor elementor-clearfix\"><ul class=\"check\"><li>automatisches Aufrichten und Bef\u00fcllen durch individuell entwickelte Biegelinientechniken<\/li><li>leichtes manuelles Aufrichten<\/li><li>Blindenschrift (Braille)<\/li><li>Hochpr\u00e4gung<\/li><\/ul><\/div>\n\t\t\t<\/div>\n\t\t<\/div>\n\t\t\t\t\t\t<\/div>\n\t\t\t\t<\/div>\n\t\t\t\t<div class=\"elementor-element elementor-element-bf93210 elementor-widget elementor-widget-penci-text-block\" data-id=\"bf93210\" data-element_type=\"widget\" data-e-type=\"widget\" data-widget_type=\"penci-text-block.default\">\n\t\t\t\t<div class=\"elementor-widget-container\">\n\t\t\t\t\t\t\t<div class=\"penci-block-vc penci-text-editor\">\n\t\t\t        <div class=\"penci-border-arrow penci-homepage-title penci-home-latest-posts style-1 pcalign-center pciconp-right pcicon-right block-title-icon-left\">\n            <h3 class=\"inner-arrow\">\n                <span>\n                    <span>VARIATIONS<\/a>                <\/span>\n            <\/h3>\n\t\t\t        <\/div>\n\t\t\t\t\t<div class=\"penci-block_content\">\n\t\t\t\t<div class=\"elementor-text-editor elementor-clearfix\"><ul class=\"check\"><li>konisch \/ recht- oder mehreckig<\/li><li>diversit\u00e9 des mat\u00e9riaux durables et s\u00e9parables<\/li><li>Materialkombination Folie \/ Karton<\/li><li>integrierter Tragegriff \/ separater Kunststoffgriff und Tragekordel \/ SB-Aufh\u00e4nger<\/li><\/ul><\/div>\n\t\t\t<\/div>\n\t\t<\/div>\n\t\t\t\t\t\t<\/div>\n\t\t\t\t<\/div>\n\t\t\t\t\t<\/div>\n\t\t\t\t<\/div>\n\t\t\t\t<\/div>","protected":false},"excerpt":{"rendered":"<p>Klarsichtfaltschachteln Die Klarsichtfaltschachteln sind durch ihre Vielseitigkeit das Non-Plus-Ultra. Durch den Einsatz unterschiedlichster Ausf\u00fchrungen, Formen und Materialien bis hin zur veredelten Verpackung sind sie eine hochwertige Produktpr\u00e4sentation. \u2022 unsere \u201eVielseitigen\u201c&hellip;<\/p>","protected":false},"author":1,"featured_media":0,"parent":0,"menu_order":0,"comment_status":"closed","ping_status":"closed","template":"","meta":{"_lmt_disableupdate":"","_lmt_disable":"","footnotes":""},"class_list":["post-1513","page","type-page","status-publish","hentry"],"_links":{"self":[{"href":"https:\/\/schaefers-kg.com\/fr\/wp-json\/wp\/v2\/pages\/1513","targetHints":{"allow":["GET"]}}],"collection":[{"href":"https:\/\/schaefers-kg.com\/fr\/wp-json\/wp\/v2\/pages"}],"about":[{"href":"https:\/\/schaefers-kg.com\/fr\/wp-json\/wp\/v2\/types\/page"}],"author":[{"embeddable":true,"href":"https:\/\/schaefers-kg.com\/fr\/wp-json\/wp\/v2\/users\/1"}],"replies":[{"embeddable":true,"href":"https:\/\/schaefers-kg.com\/fr\/wp-json\/wp\/v2\/comments?post=1513"}],"version-history":[{"count":29,"href":"https:\/\/schaefers-kg.com\/fr\/wp-json\/wp\/v2\/pages\/1513\/revisions"}],"predecessor-version":[{"id":1630,"href":"https:\/\/schaefers-kg.com\/fr\/wp-json\/wp\/v2\/pages\/1513\/revisions\/1630"}],"wp:attachment":[{"href":"https:\/\/schaefers-kg.com\/fr\/wp-json\/wp\/v2\/media?parent=1513"}],"curies":[{"name":"wp","href":"https:\/\/api.w.org\/{rel}","templated":true}]}}