{"id":1816,"date":"2025-04-03T12:13:16","date_gmt":"2025-04-03T10:13:16","guid":{"rendered":"http:\/\/beta.schaefers-kg.com\/?page_id=1816"},"modified":"2025-05-15T13:45:46","modified_gmt":"2025-05-15T11:45:46","slug":"qualitaetssicherung","status":"publish","type":"page","link":"https:\/\/schaefers-kg.com\/en\/qualitaetssicherung\/","title":{"rendered":"Quality assurance"},"content":{"rendered":"<div data-elementor-type=\"wp-page\" data-elementor-id=\"1816\" class=\"elementor elementor-1816\">\n\t\t\t\t<div class=\"elementor-element elementor-element-09cf89b e-flex e-con-boxed e-con e-parent\" data-id=\"09cf89b\" data-element_type=\"container\" data-e-type=\"container\">\n\t\t\t\t\t<div class=\"e-con-inner\">\n\t\t\t\t<div class=\"elementor-element elementor-element-218e86d elementor-widget elementor-widget-penci-fancy_heading\" data-id=\"218e86d\" data-element_type=\"widget\" data-e-type=\"widget\" data-widget_type=\"penci-fancy_heading.default\">\n\t\t\t\t<div class=\"elementor-widget-container\">\n\t\t\t\t\t\t\t<div class=\"penci-fancy-heading penci-heading-text-left\">\n\t\t\t<div class=\"penci-fancy-heading-inner\">\n\t\t\t\t<h2 class=\"penci-heading-title\"><span class=\"inner-tit\">Quality assurance<\/span><\/h2>\t\t\t<\/div>\n\t\t<\/div>\n\t\t\t\t\t\t<\/div>\n\t\t\t\t<\/div>\n\t\t\t\t\t<\/div>\n\t\t\t\t<\/div>\n\t\t<div class=\"elementor-element elementor-element-bf0d0cb e-flex e-con-boxed e-con e-parent\" data-id=\"bf0d0cb\" data-element_type=\"container\" data-e-type=\"container\">\n\t\t\t\t\t<div class=\"e-con-inner\">\n\t\t\t\t<div class=\"elementor-element elementor-element-61257f0 elementor-widget elementor-widget-penci-text-block\" data-id=\"61257f0\" data-element_type=\"widget\" data-e-type=\"widget\" data-widget_type=\"penci-text-block.default\">\n\t\t\t\t<div class=\"elementor-widget-container\">\n\t\t\t\t\t\t\t<div class=\"penci-block-vc penci-text-editor\">\n\t\t\t\t\t\t<div class=\"penci-block_content\">\n\t\t\t\t<div class=\"elementor-text-editor elementor-clearfix\"><p><span style=\"color: #53969c;\">As a premium manufacturer, quality management is an obligation for us. In order to fulfil <strong>\u201esch\u00e4fers - the next level\u201c<\/strong> we manufacture our products under the conditions of the certification<span style=\"color: #000000;\"> ISO 9001-2015.<\/span><\/span><\/p><\/div>\n\t\t\t<\/div>\n\t\t<\/div>\n\t\t\t\t\t\t<\/div>\n\t\t\t\t<\/div>\n\t\t\t\t\t<\/div>\n\t\t\t\t<\/div>\n\t\t<div class=\"elementor-element elementor-element-16f51a8 e-flex e-con-boxed e-con e-parent\" data-id=\"16f51a8\" data-element_type=\"container\" data-e-type=\"container\">\n\t\t\t\t\t<div class=\"e-con-inner\">\n\t\t\t\t<div class=\"elementor-element elementor-element-255c5f8 elementor-widget elementor-widget-penci-text-block\" data-id=\"255c5f8\" data-element_type=\"widget\" data-e-type=\"widget\" data-widget_type=\"penci-text-block.default\">\n\t\t\t\t<div class=\"elementor-widget-container\">\n\t\t\t\t\t\t\t<div class=\"penci-block-vc penci-text-editor\">\n\t\t\t\t\t\t<div class=\"penci-block_content\">\n\t\t\t\t<div class=\"elementor-text-editor elementor-clearfix\"><p>The work steps are fully documented and can be referred to at any time. This documentation is also included in follow-up orders. Our employees undergo regular quality training to continuously improve our packaging. The results of audits by our renowned customers confirm our high quality standards time and time again. High-quality film grades, produced by the leading manufacturers in Europe, guarantee our customers the use of new and customised materials.\u00a0<\/p><\/div>\n\t\t\t<\/div>\n\t\t<\/div>\n\t\t\t\t\t\t<\/div>\n\t\t\t\t<\/div>\n\t\t\t\t\t<\/div>\n\t\t\t\t<\/div>\n\t\t\t\t<\/div>","protected":false},"excerpt":{"rendered":"<p>Qualit\u00e4tssicherung Als Premium-Hersteller ist ein Qualit\u00e4tsmanagement f\u00fcr uns Verpflichtung. Um dem Anspruch \u201esch\u00e4fers \u2013 the next level\u201c gerecht zu werden, fertigen wir unter den Bedingungen der Zertifizierung ISO 9001-2015. Es&hellip;<\/p>","protected":false},"author":1,"featured_media":0,"parent":0,"menu_order":0,"comment_status":"closed","ping_status":"closed","template":"","meta":{"_lmt_disableupdate":"","_lmt_disable":"","footnotes":""},"class_list":["post-1816","page","type-page","status-publish","hentry"],"_links":{"self":[{"href":"https:\/\/schaefers-kg.com\/en\/wp-json\/wp\/v2\/pages\/1816","targetHints":{"allow":["GET"]}}],"collection":[{"href":"https:\/\/schaefers-kg.com\/en\/wp-json\/wp\/v2\/pages"}],"about":[{"href":"https:\/\/schaefers-kg.com\/en\/wp-json\/wp\/v2\/types\/page"}],"author":[{"embeddable":true,"href":"https:\/\/schaefers-kg.com\/en\/wp-json\/wp\/v2\/users\/1"}],"replies":[{"embeddable":true,"href":"https:\/\/schaefers-kg.com\/en\/wp-json\/wp\/v2\/comments?post=1816"}],"version-history":[{"count":16,"href":"https:\/\/schaefers-kg.com\/en\/wp-json\/wp\/v2\/pages\/1816\/revisions"}],"predecessor-version":[{"id":2156,"href":"https:\/\/schaefers-kg.com\/en\/wp-json\/wp\/v2\/pages\/1816\/revisions\/2156"}],"wp:attachment":[{"href":"https:\/\/schaefers-kg.com\/en\/wp-json\/wp\/v2\/media?parent=1816"}],"curies":[{"name":"wp","href":"https:\/\/api.w.org\/{rel}","templated":true}]}}