{"id":1748,"date":"2025-04-02T17:19:25","date_gmt":"2025-04-02T15:19:25","guid":{"rendered":"http:\/\/beta.schaefers-kg.com\/?page_id=1748"},"modified":"2025-04-02T17:22:26","modified_gmt":"2025-04-02T15:22:26","slug":"heissfolienpraegung","status":"publish","type":"page","link":"https:\/\/schaefers-kg.com\/en\/heissfolienpraegung\/","title":{"rendered":"Hot foil stamping"},"content":{"rendered":"<div data-elementor-type=\"wp-page\" data-elementor-id=\"1748\" class=\"elementor elementor-1748\">\n\t\t\t\t<div class=\"elementor-element elementor-element-09cf89b e-flex e-con-boxed e-con e-parent\" data-id=\"09cf89b\" data-element_type=\"container\" data-e-type=\"container\">\n\t\t\t\t\t<div class=\"e-con-inner\">\n\t\t\t\t<div class=\"elementor-element elementor-element-218e86d elementor-widget elementor-widget-penci-fancy_heading\" data-id=\"218e86d\" data-element_type=\"widget\" data-e-type=\"widget\" data-widget_type=\"penci-fancy_heading.default\">\n\t\t\t\t<div class=\"elementor-widget-container\">\n\t\t\t\t\t\t\t<div class=\"penci-fancy-heading penci-heading-text-left\">\n\t\t\t<div class=\"penci-fancy-heading-inner\">\n\t\t\t\t<h2 class=\"penci-heading-title\"><span class=\"inner-tit\">Hot foil stamping<\/span><\/h2><div class=\"penci-heading-content entry-content\"><p>Hot-foil stamping is a great way to create metallic or even holographic effects. In combination with UV screen or UV offset printing, unlimited possibilities can also be realised here.<\/p>\n<\/div>\t\t\t<\/div>\n\t\t<\/div>\n\t\t\t\t\t\t<\/div>\n\t\t\t\t<\/div>\n\t\t\t\t\t<\/div>\n\t\t\t\t<\/div>\n\t\t<div class=\"elementor-element elementor-element-bf0d0cb e-flex e-con-boxed e-con e-parent\" data-id=\"bf0d0cb\" data-element_type=\"container\" data-e-type=\"container\">\n\t\t\t\t\t<div class=\"e-con-inner\">\n\t\t\t\t<div class=\"elementor-element elementor-element-61257f0 elementor-widget elementor-widget-penci-text-block\" data-id=\"61257f0\" data-element_type=\"widget\" data-e-type=\"widget\" data-widget_type=\"penci-text-block.default\">\n\t\t\t\t<div class=\"elementor-widget-container\">\n\t\t\t\t\t\t\t<div class=\"penci-block-vc penci-text-editor\">\n\t\t\t\t\t\t<div class=\"penci-block_content\">\n\t\t\t\t<div class=\"elementor-text-editor elementor-clearfix\"><p>- Colourful range of various hot foil colours <br \/>- Various hologram effects <br \/>- Hot foil stamping possible in combination with UV screen and offset printing<\/p><p>We will be happy to provide you with corresponding sample cards on request.<\/p><\/div>\n\t\t\t<\/div>\n\t\t<\/div>\n\t\t\t\t\t\t<\/div>\n\t\t\t\t<\/div>\n\t\t\t\t\t<\/div>\n\t\t\t\t<\/div>\n\t\t<div class=\"elementor-element elementor-element-425b02d e-flex e-con-boxed e-con e-parent\" data-id=\"425b02d\" data-element_type=\"container\" data-e-type=\"container\">\n\t\t\t\t\t<div class=\"e-con-inner\">\n\t\t\t\t<div class=\"elementor-element elementor-element-302bada elementor-widget elementor-widget-penci-image-gallery\" data-id=\"302bada\" data-element_type=\"widget\" data-e-type=\"widget\" data-widget_type=\"penci-image-gallery.default\">\n\t\t\t\t<div class=\"elementor-widget-container\">\n\t\t\t\t\t        <div data-sliderid=\"59667\" id=\"penci-image_gallery_59667\"\n             class=\"penci-block-vc penci-image-gallery penci-image-gallery-s1 pencisc-grid-2 pencisc-grid-tablet-2 pencisc-grid-mobile-1\">\n\t\t\t        <div class=\"penci-border-arrow penci-homepage-title penci-home-latest-posts style-1 pcalign-center pciconp-right pcicon-right block-title-icon-left\">\n            <h3 class=\"inner-arrow\">\n                <span>\n                    <span>Product examples<\/a>                <\/span>\n            <\/h3>\n\t\t\t        <\/div>\n\t\t            <div class=\"penci-block_content  pencisc-grid\">\n\t\t\t\t                <div class=\"penci-gallery-item penci-galitem-1\">\n                    <a  data-bgset=\"https:\/\/schaefers-kg.com\/wp-content\/uploads\/2025\/04\/LOD_0218-768x768.jpg\" class=\"penci-lazy penci-gallery-ite penci-image-holder penci-image-square\"\n                       href=\"https:\/\/schaefers-kg.com\/wp-content\/uploads\/2025\/04\/LOD_0218-1170x1169.jpg\" >\n\t\t\t\t\t\t                                                <i class=\"penciicon-expand\"><\/i>\n                    <\/a>\n                <\/div>\n\t\t\t\t                <div class=\"penci-gallery-item penci-galitem-2\">\n                    <a  data-bgset=\"https:\/\/schaefers-kg.com\/wp-content\/uploads\/2025\/04\/LoD_0338_b-768x768.jpg\" class=\"penci-lazy penci-gallery-ite penci-image-holder penci-image-square\"\n                       href=\"https:\/\/schaefers-kg.com\/wp-content\/uploads\/2025\/04\/LoD_0338_b-1170x1169.jpg\" >\n\t\t\t\t\t\t                                                <i class=\"penciicon-expand\"><\/i>\n                    <\/a>\n                <\/div>\n\t\t\t\t            <\/div>\n        <\/div>\n\t\t\t\t\t\t<\/div>\n\t\t\t\t<\/div>\n\t\t\t\t\t<\/div>\n\t\t\t\t<\/div>\n\t\t\t\t<\/div>","protected":false},"excerpt":{"rendered":"<p>Hei\u00dffolienpr\u00e4gung Mit der Hei\u00dffolienpr\u00e4gung werden metallische oder sogar holografische Effekte toll in Szene gesetzt. In Kombination mit einem UV-Sieb- oder UV-Offsetdruck lassen sich auch hier unbegrenzte M\u00f6glichkeiten realisieren. \u2022 bunte&hellip;<\/p>","protected":false},"author":1,"featured_media":0,"parent":0,"menu_order":0,"comment_status":"closed","ping_status":"closed","template":"","meta":{"_lmt_disableupdate":"","_lmt_disable":"","footnotes":""},"class_list":["post-1748","page","type-page","status-publish","hentry"],"_links":{"self":[{"href":"https:\/\/schaefers-kg.com\/en\/wp-json\/wp\/v2\/pages\/1748","targetHints":{"allow":["GET"]}}],"collection":[{"href":"https:\/\/schaefers-kg.com\/en\/wp-json\/wp\/v2\/pages"}],"about":[{"href":"https:\/\/schaefers-kg.com\/en\/wp-json\/wp\/v2\/types\/page"}],"author":[{"embeddable":true,"href":"https:\/\/schaefers-kg.com\/en\/wp-json\/wp\/v2\/users\/1"}],"replies":[{"embeddable":true,"href":"https:\/\/schaefers-kg.com\/en\/wp-json\/wp\/v2\/comments?post=1748"}],"version-history":[{"count":4,"href":"https:\/\/schaefers-kg.com\/en\/wp-json\/wp\/v2\/pages\/1748\/revisions"}],"predecessor-version":[{"id":1754,"href":"https:\/\/schaefers-kg.com\/en\/wp-json\/wp\/v2\/pages\/1748\/revisions\/1754"}],"wp:attachment":[{"href":"https:\/\/schaefers-kg.com\/en\/wp-json\/wp\/v2\/media?parent=1748"}],"curies":[{"name":"wp","href":"https:\/\/api.w.org\/{rel}","templated":true}]}}