{"id":1740,"date":"2025-04-02T17:14:13","date_gmt":"2025-04-02T15:14:13","guid":{"rendered":"http:\/\/beta.schaefers-kg.com\/?page_id=1740"},"modified":"2025-04-02T17:15:53","modified_gmt":"2025-04-02T15:15:53","slug":"uv-offsetdruck","status":"publish","type":"page","link":"https:\/\/schaefers-kg.com\/en\/uv-offsetdruck\/","title":{"rendered":"UV offset printing"},"content":{"rendered":"<div data-elementor-type=\"wp-page\" data-elementor-id=\"1740\" class=\"elementor elementor-1740\">\n\t\t\t\t<div class=\"elementor-element elementor-element-09cf89b e-flex e-con-boxed e-con e-parent\" data-id=\"09cf89b\" data-element_type=\"container\" data-e-type=\"container\">\n\t\t\t\t\t<div class=\"e-con-inner\">\n\t\t\t\t<div class=\"elementor-element elementor-element-218e86d elementor-widget elementor-widget-penci-fancy_heading\" data-id=\"218e86d\" data-element_type=\"widget\" data-e-type=\"widget\" data-widget_type=\"penci-fancy_heading.default\">\n\t\t\t\t<div class=\"elementor-widget-container\">\n\t\t\t\t\t\t\t<div class=\"penci-fancy-heading penci-heading-text-left\">\n\t\t\t<div class=\"penci-fancy-heading-inner\">\n\t\t\t\t<h2 class=\"penci-heading-title\"><span class=\"inner-tit\">UV offset printing<\/span><\/h2><div class=\"penci-heading-content entry-content\"><p>With UV offset printing, we leave no design wishes unfulfilled! Color gradients and printed images in the highest print quality present your product to its best advantage. A diverse selection of standard and Pantone special colors is available. Special effects can be achieved through the additional use of UV varnishes.<br \/>\nThe use of low-migration inks offers the highest level of ecological responsibility in the consumer sector.<\/p>\n<\/div>\t\t\t<\/div>\n\t\t<\/div>\n\t\t\t\t\t\t<\/div>\n\t\t\t\t<\/div>\n\t\t\t\t\t<\/div>\n\t\t\t\t<\/div>\n\t\t<div class=\"elementor-element elementor-element-bf0d0cb e-flex e-con-boxed e-con e-parent\" data-id=\"bf0d0cb\" data-element_type=\"container\" data-e-type=\"container\">\n\t\t\t\t\t<div class=\"e-con-inner\">\n\t\t\t\t<div class=\"elementor-element elementor-element-61257f0 elementor-widget elementor-widget-penci-text-block\" data-id=\"61257f0\" data-element_type=\"widget\" data-e-type=\"widget\" data-widget_type=\"penci-text-block.default\">\n\t\t\t\t<div class=\"elementor-widget-container\">\n\t\t\t\t\t\t\t<div class=\"penci-block-vc penci-text-editor\">\n\t\t\t\t\t\t<div class=\"penci-block_content\">\n\t\t\t\t<div class=\"elementor-text-editor elementor-clearfix\"><p>\u2022 UV Euroscale and special colours <br \/>- Matt \/ protective or gloss varnish <br \/>Scratch lacquer \/ Scented lacquer \/ Textured lacquer<br \/>- Print preparation \/ approval<br \/>- Press proof service <br \/><br \/><\/p><p>UV offset printing, with the latest printing press configurations and using electronic colour measurement and control technology, delivers sophisticated ideas onto film in top quality. If required, we are happy to provide you with colour and print sample charts or proofs.<\/p><\/div>\n\t\t\t<\/div>\n\t\t<\/div>\n\t\t\t\t\t\t<\/div>\n\t\t\t\t<\/div>\n\t\t\t\t\t<\/div>\n\t\t\t\t<\/div>\n\t\t<div class=\"elementor-element elementor-element-425b02d e-flex e-con-boxed e-con e-parent\" data-id=\"425b02d\" data-element_type=\"container\" data-e-type=\"container\">\n\t\t\t\t\t<div class=\"e-con-inner\">\n\t\t\t\t<div class=\"elementor-element elementor-element-302bada elementor-widget elementor-widget-penci-image-gallery\" data-id=\"302bada\" data-element_type=\"widget\" data-e-type=\"widget\" data-widget_type=\"penci-image-gallery.default\">\n\t\t\t\t<div class=\"elementor-widget-container\">\n\t\t\t\t\t        <div data-sliderid=\"46104\" id=\"penci-image_gallery_46104\"\n             class=\"penci-block-vc penci-image-gallery penci-image-gallery-s1 pencisc-grid-3 pencisc-grid-tablet-2 pencisc-grid-mobile-1\">\n\t\t\t        <div class=\"penci-border-arrow penci-homepage-title penci-home-latest-posts style-1 pcalign-center pciconp-right pcicon-right block-title-icon-left\">\n            <h3 class=\"inner-arrow\">\n                <span>\n                    <span>Product examples<\/a>                <\/span>\n            <\/h3>\n\t\t\t        <\/div>\n\t\t            <div class=\"penci-block_content  pencisc-grid\">\n\t\t\t\t                <div class=\"penci-gallery-item penci-galitem-1\">\n                    <a  data-bgset=\"https:\/\/schaefers-kg.com\/wp-content\/uploads\/2025\/04\/LoD_0220-768x768.jpg\" class=\"penci-lazy penci-gallery-ite penci-image-holder penci-image-vertical\"\n                       href=\"https:\/\/schaefers-kg.com\/wp-content\/uploads\/2025\/04\/LoD_0220-1170x1169.jpg\" >\n\t\t\t\t\t\t                                                <i class=\"penciicon-expand\"><\/i>\n                    <\/a>\n                <\/div>\n\t\t\t\t                <div class=\"penci-gallery-item penci-galitem-2\">\n                    <a  data-bgset=\"https:\/\/schaefers-kg.com\/wp-content\/uploads\/2025\/04\/LoD_0221-768x768.jpg\" class=\"penci-lazy penci-gallery-ite penci-image-holder penci-image-vertical\"\n                       href=\"https:\/\/schaefers-kg.com\/wp-content\/uploads\/2025\/04\/LoD_0221-1170x1169.jpg\" >\n\t\t\t\t\t\t                                                <i class=\"penciicon-expand\"><\/i>\n                    <\/a>\n                <\/div>\n\t\t\t\t                <div class=\"penci-gallery-item penci-galitem-3\">\n                    <a  data-bgset=\"https:\/\/schaefers-kg.com\/wp-content\/uploads\/2025\/04\/LoD_0425-768x768.jpg\" class=\"penci-lazy penci-gallery-ite penci-image-holder penci-image-vertical\"\n                       href=\"https:\/\/schaefers-kg.com\/wp-content\/uploads\/2025\/04\/LoD_0425-1170x1169.jpg\" >\n\t\t\t\t\t\t                                                <i class=\"penciicon-expand\"><\/i>\n                    <\/a>\n                <\/div>\n\t\t\t\t            <\/div>\n        <\/div>\n\t\t\t\t\t\t<\/div>\n\t\t\t\t<\/div>\n\t\t\t\t\t<\/div>\n\t\t\t\t<\/div>\n\t\t\t\t<\/div>","protected":false},"excerpt":{"rendered":"<p>UV-Offsetdruck Mit dem UV-Offsetdruck lassen wir keine Gestaltungsw\u00fcnsche offen! Farbverl\u00e4ufe und aufgedruckte Bilder in h\u00f6chster Druckqualit\u00e4t pr\u00e4sentieren Ihr Produkt optimal. Es steht eine vielf\u00e4ltige Farbauswahl von Standard-\/ Sonderfarben nach Pantone&hellip;<\/p>","protected":false},"author":1,"featured_media":0,"parent":0,"menu_order":0,"comment_status":"closed","ping_status":"closed","template":"","meta":{"_lmt_disableupdate":"","_lmt_disable":"","footnotes":""},"class_list":["post-1740","page","type-page","status-publish","hentry"],"_links":{"self":[{"href":"https:\/\/schaefers-kg.com\/en\/wp-json\/wp\/v2\/pages\/1740","targetHints":{"allow":["GET"]}}],"collection":[{"href":"https:\/\/schaefers-kg.com\/en\/wp-json\/wp\/v2\/pages"}],"about":[{"href":"https:\/\/schaefers-kg.com\/en\/wp-json\/wp\/v2\/types\/page"}],"author":[{"embeddable":true,"href":"https:\/\/schaefers-kg.com\/en\/wp-json\/wp\/v2\/users\/1"}],"replies":[{"embeddable":true,"href":"https:\/\/schaefers-kg.com\/en\/wp-json\/wp\/v2\/comments?post=1740"}],"version-history":[{"count":4,"href":"https:\/\/schaefers-kg.com\/en\/wp-json\/wp\/v2\/pages\/1740\/revisions"}],"predecessor-version":[{"id":1747,"href":"https:\/\/schaefers-kg.com\/en\/wp-json\/wp\/v2\/pages\/1740\/revisions\/1747"}],"wp:attachment":[{"href":"https:\/\/schaefers-kg.com\/en\/wp-json\/wp\/v2\/media?parent=1740"}],"curies":[{"name":"wp","href":"https:\/\/api.w.org\/{rel}","templated":true}]}}