{"id":1640,"date":"2025-04-02T15:42:02","date_gmt":"2025-04-02T13:42:02","guid":{"rendered":"http:\/\/beta.schaefers-kg.com\/?page_id=1640"},"modified":"2025-04-02T15:42:10","modified_gmt":"2025-04-02T13:42:10","slug":"klarsichtrunddosen","status":"publish","type":"page","link":"https:\/\/schaefers-kg.com\/en\/klarsichtrunddosen\/","title":{"rendered":"Transparent round tins"},"content":{"rendered":"<div data-elementor-type=\"wp-page\" data-elementor-id=\"1640\" class=\"elementor elementor-1640\">\n\t\t\t\t<div class=\"elementor-element elementor-element-09cf89b e-flex e-con-boxed e-con e-parent\" data-id=\"09cf89b\" data-element_type=\"container\" data-e-type=\"container\">\n\t\t\t\t\t<div class=\"e-con-inner\">\n\t\t\t\t<div class=\"elementor-element elementor-element-218e86d elementor-widget elementor-widget-penci-fancy_heading\" data-id=\"218e86d\" data-element_type=\"widget\" data-e-type=\"widget\" data-widget_type=\"penci-fancy_heading.default\">\n\t\t\t\t<div class=\"elementor-widget-container\">\n\t\t\t\t\t\t\t<div class=\"penci-fancy-heading penci-heading-text-left\">\n\t\t\t<div class=\"penci-fancy-heading-inner\">\n\t\t\t\t<h2 class=\"penci-heading-title\"><span class=\"inner-tit\">Transparent round tins<\/span><\/h2><div class=\"penci-heading-content entry-content\"><p>The round tins are a \u201eround\u201c solution for many products and can be used as storage or presentation tins. We offer these packaging solutions in various designs.<\/p>\n<\/div>\t\t\t<\/div>\n\t\t<\/div>\n\t\t\t\t\t\t<\/div>\n\t\t\t\t<\/div>\n\t\t\t\t\t<\/div>\n\t\t\t\t<\/div>\n\t\t<div class=\"elementor-element elementor-element-bf0d0cb e-flex e-con-boxed e-con e-parent\" data-id=\"bf0d0cb\" data-element_type=\"container\" data-e-type=\"container\">\n\t\t\t\t\t<div class=\"e-con-inner\">\n\t\t\t\t<div class=\"elementor-element elementor-element-61257f0 elementor-widget elementor-widget-penci-text-block\" data-id=\"61257f0\" data-element_type=\"widget\" data-e-type=\"widget\" data-widget_type=\"penci-text-block.default\">\n\t\t\t\t<div class=\"elementor-widget-container\">\n\t\t\t\t\t\t\t<div class=\"penci-block-vc penci-text-editor\">\n\t\t\t\t\t\t<div class=\"penci-block_content\">\n\t\t\t\t<div class=\"elementor-text-editor elementor-clearfix\"><p>- Round \/ oval cylinders made of foil<br \/>- Telescopic box; height individually adjustable <br \/>- Easy &amp; quick to fill and close<br \/><br \/>PET &amp; PVC film thickness from 200 to 300 \u00b5<\/p><\/div>\n\t\t\t<\/div>\n\t\t<\/div>\n\t\t\t\t\t\t<\/div>\n\t\t\t\t<\/div>\n\t\t\t\t\t<\/div>\n\t\t\t\t<\/div>\n\t\t<div class=\"elementor-element elementor-element-8a15342 e-flex e-con-boxed e-con e-parent\" data-id=\"8a15342\" data-element_type=\"container\" data-e-type=\"container\">\n\t\t\t\t\t<div class=\"e-con-inner\">\n\t\t\t\t<div class=\"elementor-element elementor-element-695ba7a elementor-widget elementor-widget-penci-image-gallery\" data-id=\"695ba7a\" data-element_type=\"widget\" data-e-type=\"widget\" data-widget_type=\"penci-image-gallery.default\">\n\t\t\t\t<div class=\"elementor-widget-container\">\n\t\t\t\t\t        <div data-sliderid=\"25929\" id=\"penci-image_gallery_25929\"\n             class=\"penci-block-vc penci-image-gallery penci-image-gallery-s1 pencisc-grid-3 pencisc-grid-tablet-2 pencisc-grid-mobile-1 penci-image-not-caption\">\n\t\t\t            <div class=\"penci-block_content  pencisc-grid\">\n\t\t\t\t                <div class=\"penci-gallery-item penci-galitem-1\">\n                    <a  data-bgset=\"https:\/\/schaefers-kg.com\/wp-content\/uploads\/2025\/04\/LoD_0146-768x768.jpg\" class=\"penci-lazy penci-gallery-ite penci-image-holder penci-image-vertical\"\n                       href=\"https:\/\/schaefers-kg.com\/wp-content\/uploads\/2025\/04\/LoD_0146-1170x1170.jpg\" >\n\t\t\t\t\t\t                                                <i class=\"penciicon-expand\"><\/i>\n                    <\/a>\n                <\/div>\n\t\t\t\t                <div class=\"penci-gallery-item penci-galitem-2\">\n                    <a  data-bgset=\"https:\/\/schaefers-kg.com\/wp-content\/uploads\/2025\/04\/LoD_0147-768x768.jpg\" class=\"penci-lazy penci-gallery-ite penci-image-holder penci-image-vertical\"\n                       href=\"https:\/\/schaefers-kg.com\/wp-content\/uploads\/2025\/04\/LoD_0147-1170x1169.jpg\" >\n\t\t\t\t\t\t                                                <i class=\"penciicon-expand\"><\/i>\n                    <\/a>\n                <\/div>\n\t\t\t\t                <div class=\"penci-gallery-item penci-galitem-3\">\n                    <a  data-bgset=\"https:\/\/schaefers-kg.com\/wp-content\/uploads\/2025\/04\/LoD_0900-768x768.jpg\" class=\"penci-lazy penci-gallery-ite penci-image-holder penci-image-vertical\"\n                       href=\"https:\/\/schaefers-kg.com\/wp-content\/uploads\/2025\/04\/LoD_0900-1170x1170.jpg\" >\n\t\t\t\t\t\t                                                <i class=\"penciicon-expand\"><\/i>\n                    <\/a>\n                <\/div>\n\t\t\t\t            <\/div>\n        <\/div>\n\t\t\t\t\t\t<\/div>\n\t\t\t\t<\/div>\n\t\t\t\t\t<\/div>\n\t\t\t\t<\/div>\n\t\t<div class=\"elementor-element elementor-element-6db972b e-grid e-con-boxed e-con e-parent\" data-id=\"6db972b\" data-element_type=\"container\" data-e-type=\"container\">\n\t\t\t\t\t<div class=\"e-con-inner\">\n\t\t\t\t<div class=\"elementor-element elementor-element-fc06bcb elementor-widget elementor-widget-penci-text-block\" data-id=\"fc06bcb\" data-element_type=\"widget\" data-e-type=\"widget\" data-widget_type=\"penci-text-block.default\">\n\t\t\t\t<div class=\"elementor-widget-container\">\n\t\t\t\t\t\t\t<div class=\"penci-block-vc penci-text-editor\">\n\t\t\t        <div class=\"penci-border-arrow penci-homepage-title penci-home-latest-posts style-1 pcalign-center pciconp-right pcicon-right block-title-icon-left\">\n            <h3 class=\"inner-arrow\">\n                <span>\n                    <span>FUNCTION \/ TECHNOLOGY<\/a>                <\/span>\n            <\/h3>\n\t\t\t        <\/div>\n\t\t\t\t\t<div class=\"penci-block_content\">\n\t\t\t\t<div class=\"elementor-text-editor elementor-clearfix\"><ul class=\"check\"><li>Automatic filling<\/li><li>Round film cans ultrasonically welded<\/li><li>unflanged \/ flanged<\/li><li>Thermally sealed cardboard round tins<\/li><\/ul><\/div>\n\t\t\t<\/div>\n\t\t<\/div>\n\t\t\t\t\t\t<\/div>\n\t\t\t\t<\/div>\n\t\t\t\t<div class=\"elementor-element elementor-element-2d2612c elementor-widget elementor-widget-penci-text-block\" data-id=\"2d2612c\" data-element_type=\"widget\" data-e-type=\"widget\" data-widget_type=\"penci-text-block.default\">\n\t\t\t\t<div class=\"elementor-widget-container\">\n\t\t\t\t\t\t\t<div class=\"penci-block-vc penci-text-editor\">\n\t\t\t        <div class=\"penci-border-arrow penci-homepage-title penci-home-latest-posts style-1 pcalign-center pciconp-right pcicon-right block-title-icon-left\">\n            <h3 class=\"inner-arrow\">\n                <span>\n                    <span>VARIATIONS<\/a>                <\/span>\n            <\/h3>\n\t\t\t        <\/div>\n\t\t\t\t\t<div class=\"penci-block_content\">\n\t\t\t\t<div class=\"elementor-text-editor elementor-clearfix\"><ul class=\"check\"><li>Round<\/li><li>Oval<\/li><li>Sustainable, separable variety of materials<\/li><li>Material combination cylinder \/ base \/ lid made of foil \/ cardboard \/ sheet metal<\/li><\/ul><\/div>\n\t\t\t<\/div>\n\t\t<\/div>\n\t\t\t\t\t\t<\/div>\n\t\t\t\t<\/div>\n\t\t\t\t\t<\/div>\n\t\t\t\t<\/div>\n\t\t\t\t<\/div>","protected":false},"excerpt":{"rendered":"<p>Klarsichtrunddosen Die Runddosen sind eine \u201erunde\u201c L\u00f6sung f\u00fcr viele Produkte und k\u00f6nnen als Aufbewahrungs- oder als Pr\u00e4sentationsdosen genutzt werden. Diese Verpackungsl\u00f6sungen bieten wir Ihnen in unterschiedlichen Ausf\u00fchrungen an. \u2022 Rund-&hellip;<\/p>","protected":false},"author":1,"featured_media":0,"parent":0,"menu_order":0,"comment_status":"closed","ping_status":"closed","template":"","meta":{"_lmt_disableupdate":"","_lmt_disable":"","footnotes":""},"class_list":["post-1640","page","type-page","status-publish","hentry"],"_links":{"self":[{"href":"https:\/\/schaefers-kg.com\/en\/wp-json\/wp\/v2\/pages\/1640","targetHints":{"allow":["GET"]}}],"collection":[{"href":"https:\/\/schaefers-kg.com\/en\/wp-json\/wp\/v2\/pages"}],"about":[{"href":"https:\/\/schaefers-kg.com\/en\/wp-json\/wp\/v2\/types\/page"}],"author":[{"embeddable":true,"href":"https:\/\/schaefers-kg.com\/en\/wp-json\/wp\/v2\/users\/1"}],"replies":[{"embeddable":true,"href":"https:\/\/schaefers-kg.com\/en\/wp-json\/wp\/v2\/comments?post=1640"}],"version-history":[{"count":4,"href":"https:\/\/schaefers-kg.com\/en\/wp-json\/wp\/v2\/pages\/1640\/revisions"}],"predecessor-version":[{"id":1649,"href":"https:\/\/schaefers-kg.com\/en\/wp-json\/wp\/v2\/pages\/1640\/revisions\/1649"}],"wp:attachment":[{"href":"https:\/\/schaefers-kg.com\/en\/wp-json\/wp\/v2\/media?parent=1640"}],"curies":[{"name":"wp","href":"https:\/\/api.w.org\/{rel}","templated":true}]}}